{"id":97463,"date":"2026-02-13T21:45:02","date_gmt":"2026-02-13T21:45:02","guid":{"rendered":"https:\/\/modesthanim.com\/product\/aycan-elbise-haki\/"},"modified":"2026-04-01T06:16:55","modified_gmt":"2026-04-01T06:16:55","slug":"aycan-elbise-haki","status":"publish","type":"product","link":"https:\/\/mod.wisdar.net\/tr\/urun\/aycan-elbise-haki\/","title":{"rendered":"Aycan Elbise Haki"},"content":{"rendered":"<p>Elbise 1.S\u0131n\u0131f \u0130pek Cupra Kuma\u015ft\u0131r. Elbise Yaka,Etek Ve G\u00f6\u011f\u00fcs F\u0131rf\u0131r Detayl\u0131d\u0131r. Elbise Beli Lastiklidir. Elbise Yaka Arkas\u0131ndan Fermuarl\u0131d\u0131r. Elbise Kol Ucu Lastiklidir. Elbise Vatkal\u0131d\u0131r,Seyyar Ku\u015fakl\u0131d\u0131r. Elbise Boy:134cm Omuz:37cm G\u00f6\u011f\u00fcs:48cm Bel:25cm<\/p>\n<p>\u2014 Technical Details \u2014<br \/>\nlength: 134cm<br \/>\nshoulder: 37cm<br \/>\nchest: 48cm<br \/>\nwaist: 25cm<\/p>\n","protected":false},"excerpt":{"rendered":"<p>Elbise 1.S\u0131n\u0131f \u0130pek Cupra Kuma\u015ft\u0131r. Elbise Yaka,Etek Ve G\u00f6\u011f\u00fcs F\u0131rf\u0131r Detayl\u0131d\u0131r. Elbise Beli Lastiklidir. Elbise Yaka Arkas\u0131ndan Fermuarl\u0131d\u0131r. Elbise Kol Ucu Lastiklidir. Elbise Vatkal\u0131d\u0131r,Seyyar Ku\u015fakl\u0131d\u0131r. Elbise Boy:134cm Omuz:37cm G\u00f6\u011f\u00fcs:48cm Bel:25cm \u2014 Technical Details \u2014 length: 134cm shoulder: 37cm chest: 48cm waist: 25cm<\/p>\n","protected":false},"featured_media":97454,"comment_status":"open","ping_status":"closed","template":"","meta":[],"product_brand":[],"product_cat":[6249,1933],"product_tag":[6839,8428,6744,6745],"class_list":{"0":"post-97463","1":"product","2":"type-product","3":"status-publish","4":"has-post-thumbnail","6":"product_cat-elbiseler","7":"product_cat-gunluk-ve-gunduz-elbiseleri","8":"product_tag-cupro-kumas","9":"product_tag-haki-elbise-2","10":"product_tag-kadin-modasi","11":"product_tag-zarif-elbise","12":"pa_brand-butikkolik","13":"pa_color-haki","14":"pa_size-4706","15":"pa_size-4711","16":"pa_size-4713","17":"pa_size-4751","18":"pa_size-4749","20":"first","21":"outofstock","22":"shipping-taxable","23":"product-type-variable"},"_links":{"self":[{"href":"https:\/\/mod.wisdar.net\/tr\/wp-json\/wp\/v2\/product\/97463","targetHints":{"allow":["GET"]}}],"collection":[{"href":"https:\/\/mod.wisdar.net\/tr\/wp-json\/wp\/v2\/product"}],"about":[{"href":"https:\/\/mod.wisdar.net\/tr\/wp-json\/wp\/v2\/types\/product"}],"replies":[{"embeddable":true,"href":"https:\/\/mod.wisdar.net\/tr\/wp-json\/wp\/v2\/comments?post=97463"}],"wp:featuredmedia":[{"embeddable":true,"href":"https:\/\/mod.wisdar.net\/tr\/wp-json\/wp\/v2\/media\/97454"}],"wp:attachment":[{"href":"https:\/\/mod.wisdar.net\/tr\/wp-json\/wp\/v2\/media?parent=97463"}],"wp:term":[{"taxonomy":"product_brand","embeddable":true,"href":"https:\/\/mod.wisdar.net\/tr\/wp-json\/wp\/v2\/product_brand?post=97463"},{"taxonomy":"product_cat","embeddable":true,"href":"https:\/\/mod.wisdar.net\/tr\/wp-json\/wp\/v2\/product_cat?post=97463"},{"taxonomy":"product_tag","embeddable":true,"href":"https:\/\/mod.wisdar.net\/tr\/wp-json\/wp\/v2\/product_tag?post=97463"}],"curies":[{"name":"wp","href":"https:\/\/api.w.org\/{rel}","templated":true}]}}