{"id":97475,"date":"2026-02-13T21:45:06","date_gmt":"2026-02-13T21:45:06","guid":{"rendered":"https:\/\/modesthanim.com\/product\/yildiz-elbise-lacivert\/"},"modified":"2026-03-06T20:44:07","modified_gmt":"2026-03-06T20:44:07","slug":"yildiz-elbise-lacivert","status":"publish","type":"product","link":"https:\/\/mod.wisdar.net\/tr\/urun\/yildiz-elbise-lacivert\/","title":{"rendered":"Y\u0131ld\u0131z Elbise Lacivert"},"content":{"rendered":"<p>Elbise 1.S\u0131n\u0131f \u015eifon Kuma\u015ft\u0131r.<br \/>\nElbise Ekose Desenlidir.<br \/>\nElbise Boyundan Ba\u011flama Detayl\u0131d\u0131r.<br \/>\nElbise Yar\u0131ya Kadar D\u00fc\u011fmelidir.<br \/>\nElbise Beli Lastiklidir.<br \/>\nElbise Etek K\u0131sm\u0131 Plisielidir.<br \/>\nBoy: 144cm<br \/>\nOmuz: 38cm<br \/>\nG\u00f6\u011f\u00fcs: 50cm<\/p>\n","protected":false},"excerpt":{"rendered":"<p>Elbise 1.S\u0131n\u0131f \u015eifon Kuma\u015ft\u0131r. Elbise Ekose Desenlidir. Elbise Boyundan Ba\u011flama Detayl\u0131d\u0131r. Elbise Yar\u0131ya Kadar D\u00fc\u011fmelidir. Elbise Beli Lastiklidir. Elbise Etek K\u0131sm\u0131 Plisielidir. Boy: 144cm Omuz: 38cm G\u00f6\u011f\u00fcs: 50cm<\/p>\n","protected":false},"featured_media":97469,"comment_status":"open","ping_status":"closed","template":"","meta":[],"product_brand":[],"product_cat":[6249,1933],"product_tag":[6909,7238,6765,7600,6911],"class_list":{"0":"post-97475","1":"product","2":"type-product","3":"status-publish","4":"has-post-thumbnail","6":"product_cat-elbiseler","7":"product_cat-gunluk-ve-gunduz-elbiseleri","8":"product_tag-ekose-desen","9":"product_tag-lacivert","10":"product_tag-lastikli-bel","11":"product_tag-pileli-etek","12":"product_tag-sifon-elbise","13":"pa_brand-butikkolik","14":"pa_color-lacivert","15":"pa_size-4706","16":"pa_size-4711","17":"pa_size-4713","18":"pa_size-4751","20":"first","21":"instock","22":"sale","23":"shipping-taxable","24":"purchasable","25":"product-type-variable"},"_links":{"self":[{"href":"https:\/\/mod.wisdar.net\/tr\/wp-json\/wp\/v2\/product\/97475","targetHints":{"allow":["GET"]}}],"collection":[{"href":"https:\/\/mod.wisdar.net\/tr\/wp-json\/wp\/v2\/product"}],"about":[{"href":"https:\/\/mod.wisdar.net\/tr\/wp-json\/wp\/v2\/types\/product"}],"replies":[{"embeddable":true,"href":"https:\/\/mod.wisdar.net\/tr\/wp-json\/wp\/v2\/comments?post=97475"}],"wp:featuredmedia":[{"embeddable":true,"href":"https:\/\/mod.wisdar.net\/tr\/wp-json\/wp\/v2\/media\/97469"}],"wp:attachment":[{"href":"https:\/\/mod.wisdar.net\/tr\/wp-json\/wp\/v2\/media?parent=97475"}],"wp:term":[{"taxonomy":"product_brand","embeddable":true,"href":"https:\/\/mod.wisdar.net\/tr\/wp-json\/wp\/v2\/product_brand?post=97475"},{"taxonomy":"product_cat","embeddable":true,"href":"https:\/\/mod.wisdar.net\/tr\/wp-json\/wp\/v2\/product_cat?post=97475"},{"taxonomy":"product_tag","embeddable":true,"href":"https:\/\/mod.wisdar.net\/tr\/wp-json\/wp\/v2\/product_tag?post=97475"}],"curies":[{"name":"wp","href":"https:\/\/api.w.org\/{rel}","templated":true}]}}