{"id":97545,"date":"2026-02-13T21:45:42","date_gmt":"2026-02-13T21:45:42","guid":{"rendered":"https:\/\/modesthanim.com\/product\/cimen-pantolon-takim-siyah\/"},"modified":"2026-03-03T12:46:21","modified_gmt":"2026-03-03T12:46:21","slug":"cimen-pantolon-takim-siyah","status":"publish","type":"product","link":"https:\/\/mod.wisdar.net\/tr\/urun\/cimen-pantolon-takim-siyah\/","title":{"rendered":"\u00c7imen Pantolon Tak\u0131m Siyah"},"content":{"rendered":"<p>Tak\u0131m 1.S\u0131n\u0131f Krep Kuma\u015ft\u0131r.<br \/>\nCeket \u00d6nden \u0130ki D\u00fc\u011fmelidir.<br \/>\nCeket Bel Diki\u015f Detayl\u0131d\u0131r.<br \/>\nCeket Astarl\u0131 Vatkal\u0131d\u0131r.<br \/>\nPantolon D\u00fc\u011fmeli Fermuarl\u0131d\u0131r.<br \/>\nPantolon Ceplidir,Bol Pa\u00e7ad\u0131r.<br \/>\nCeket Boy:79cm Omuz:38cm G\u00f6\u011f\u00fca:48cm Bel:37cm<br \/>\nPantolon Boy:108cm Bel:38cm Pa\u00e7a Geni\u015fli\u011fi:37cm Basen:48cm<\/p>\n","protected":false},"excerpt":{"rendered":"<p>Tak\u0131m 1.S\u0131n\u0131f Krep Kuma\u015ft\u0131r. Ceket \u00d6nden \u0130ki D\u00fc\u011fmelidir. Ceket Bel Diki\u015f Detayl\u0131d\u0131r. Ceket Astarl\u0131 Vatkal\u0131d\u0131r. Pantolon D\u00fc\u011fmeli Fermuarl\u0131d\u0131r. Pantolon Ceplidir,Bol Pa\u00e7ad\u0131r. Ceket Boy:79cm Omuz:38cm G\u00f6\u011f\u00fca:48cm Bel:37cm Pantolon Boy:108cm Bel:38cm Pa\u00e7a Geni\u015fli\u011fi:37cm Basen:48cm<\/p>\n","protected":false},"featured_media":97532,"comment_status":"open","ping_status":"closed","template":"","meta":[],"product_brand":[],"product_cat":[1900],"product_tag":[6744,7948,7959,8374],"class_list":{"0":"post-97545","1":"product","2":"type-product","3":"status-publish","4":"has-post-thumbnail","6":"product_cat-koordinatlar-setler","7":"product_tag-kadin-modasi","8":"product_tag-krep-kumas","9":"product_tag-resmi-giyim","10":"product_tag-siyah-takim-elbise","11":"pa_brand-butikkolik","12":"pa_color-siyah","13":"pa_size-4706","14":"pa_size-4711","15":"pa_size-4713","16":"pa_size-4751","17":"pa_size-4749","19":"first","20":"instock","21":"sale","22":"shipping-taxable","23":"purchasable","24":"product-type-variable"},"_links":{"self":[{"href":"https:\/\/mod.wisdar.net\/tr\/wp-json\/wp\/v2\/product\/97545","targetHints":{"allow":["GET"]}}],"collection":[{"href":"https:\/\/mod.wisdar.net\/tr\/wp-json\/wp\/v2\/product"}],"about":[{"href":"https:\/\/mod.wisdar.net\/tr\/wp-json\/wp\/v2\/types\/product"}],"replies":[{"embeddable":true,"href":"https:\/\/mod.wisdar.net\/tr\/wp-json\/wp\/v2\/comments?post=97545"}],"wp:featuredmedia":[{"embeddable":true,"href":"https:\/\/mod.wisdar.net\/tr\/wp-json\/wp\/v2\/media\/97532"}],"wp:attachment":[{"href":"https:\/\/mod.wisdar.net\/tr\/wp-json\/wp\/v2\/media?parent=97545"}],"wp:term":[{"taxonomy":"product_brand","embeddable":true,"href":"https:\/\/mod.wisdar.net\/tr\/wp-json\/wp\/v2\/product_brand?post=97545"},{"taxonomy":"product_cat","embeddable":true,"href":"https:\/\/mod.wisdar.net\/tr\/wp-json\/wp\/v2\/product_cat?post=97545"},{"taxonomy":"product_tag","embeddable":true,"href":"https:\/\/mod.wisdar.net\/tr\/wp-json\/wp\/v2\/product_tag?post=97545"}],"curies":[{"name":"wp","href":"https:\/\/api.w.org\/{rel}","templated":true}]}}