{"id":97667,"date":"2026-02-13T21:46:33","date_gmt":"2026-02-13T21:46:33","guid":{"rendered":"https:\/\/modesthanim.com\/product\/yaprak-elbise-vizon\/"},"modified":"2026-04-09T07:21:28","modified_gmt":"2026-04-09T07:21:28","slug":"yaprak-elbise-vizon","status":"publish","type":"product","link":"https:\/\/mod.wisdar.net\/tr\/urun\/yaprak-elbise-vizon\/","title":{"rendered":"Yaprak Elbise Vizon"},"content":{"rendered":"<p>Elbise Boyun Ba\u011flama Detayl\u0131d\u0131r. Elbise Omuz Vatkas\u0131 Mevcuttur. Elbise Beli Lastiklidir. Elbise Yaka Arkas\u0131ndan Fermuarl\u0131d\u0131r.<\/p>\n","protected":false},"excerpt":{"rendered":"<p>Elbise Boyun Ba\u011flama Detayl\u0131d\u0131r. Elbise Omuz Vatkas\u0131 Mevcuttur. Elbise Beli Lastiklidir. Elbise Yaka Arkas\u0131ndan Fermuarl\u0131d\u0131r.<\/p>\n","protected":false},"featured_media":97657,"comment_status":"open","ping_status":"closed","template":"","meta":[],"product_brand":[],"product_cat":[6249,1933],"product_tag":[8436,6765],"class_list":{"0":"post-97667","1":"product","2":"type-product","3":"status-publish","4":"has-post-thumbnail","6":"product_cat-elbiseler","7":"product_cat-gunluk-ve-gunduz-elbiseleri","8":"product_tag-arkadan-fermuarli","9":"product_tag-lastikli-bel","10":"pa_brand-butikkolik","11":"pa_color-vizon","12":"pa_size-4706","13":"pa_size-4711","14":"pa_size-4713","15":"pa_size-4751","17":"first","18":"instock","19":"sale","20":"shipping-taxable","21":"purchasable","22":"product-type-variable"},"_links":{"self":[{"href":"https:\/\/mod.wisdar.net\/tr\/wp-json\/wp\/v2\/product\/97667","targetHints":{"allow":["GET"]}}],"collection":[{"href":"https:\/\/mod.wisdar.net\/tr\/wp-json\/wp\/v2\/product"}],"about":[{"href":"https:\/\/mod.wisdar.net\/tr\/wp-json\/wp\/v2\/types\/product"}],"replies":[{"embeddable":true,"href":"https:\/\/mod.wisdar.net\/tr\/wp-json\/wp\/v2\/comments?post=97667"}],"version-history":[{"count":0,"href":"https:\/\/mod.wisdar.net\/tr\/wp-json\/wp\/v2\/product\/97667\/revisions"}],"wp:featuredmedia":[{"embeddable":true,"href":"https:\/\/mod.wisdar.net\/tr\/wp-json\/wp\/v2\/media\/97657"}],"wp:attachment":[{"href":"https:\/\/mod.wisdar.net\/tr\/wp-json\/wp\/v2\/media?parent=97667"}],"wp:term":[{"taxonomy":"product_brand","embeddable":true,"href":"https:\/\/mod.wisdar.net\/tr\/wp-json\/wp\/v2\/product_brand?post=97667"},{"taxonomy":"product_cat","embeddable":true,"href":"https:\/\/mod.wisdar.net\/tr\/wp-json\/wp\/v2\/product_cat?post=97667"},{"taxonomy":"product_tag","embeddable":true,"href":"https:\/\/mod.wisdar.net\/tr\/wp-json\/wp\/v2\/product_tag?post=97667"}],"curies":[{"name":"wp","href":"https:\/\/api.w.org\/{rel}","templated":true}]}}