{"id":97718,"date":"2026-02-13T21:47:03","date_gmt":"2026-02-13T21:47:03","guid":{"rendered":"https:\/\/modesthanim.com\/product\/yaprak-elbise-murdum\/"},"modified":"2026-03-21T00:12:58","modified_gmt":"2026-03-21T00:12:58","slug":"yaprak-elbise-murdum","status":"publish","type":"product","link":"https:\/\/mod.wisdar.net\/tr\/urun\/yaprak-elbise-murdum\/","title":{"rendered":"Yaprak Elbise M\u00fcrd\u00fcm"},"content":{"rendered":"<p>Elbise Boyun Ba\u011flama Detayl\u0131d\u0131r.<br \/>\nElbise Omuz Vatkas\u0131 Mevcuttur.<br \/>\nElbise Beli Lastiklidir.<br \/>\nElbise Yaka Arkas\u0131ndan Fermuarl\u0131d\u0131r.<\/p>\n","protected":false},"excerpt":{"rendered":"<p>Elbise Boyun Ba\u011flama Detayl\u0131d\u0131r. Elbise Omuz Vatkas\u0131 Mevcuttur. Elbise Beli Lastiklidir. Elbise Yaka Arkas\u0131ndan Fermuarl\u0131d\u0131r.<\/p>\n","protected":false},"featured_media":97705,"comment_status":"open","ping_status":"closed","template":"","meta":[],"product_brand":[],"product_cat":[6249,1933],"product_tag":[6744],"class_list":{"0":"post-97718","1":"product","2":"type-product","3":"status-publish","4":"has-post-thumbnail","6":"product_cat-elbiseler","7":"product_cat-gunluk-ve-gunduz-elbiseleri","8":"product_tag-kadin-modasi","9":"pa_brand-butikkolik","10":"pa_color-murdum","11":"pa_size-4706","12":"pa_size-4711","13":"pa_size-4713","14":"pa_size-4751","16":"first","17":"outofstock","18":"shipping-taxable","19":"product-type-variable"},"_links":{"self":[{"href":"https:\/\/mod.wisdar.net\/tr\/wp-json\/wp\/v2\/product\/97718","targetHints":{"allow":["GET"]}}],"collection":[{"href":"https:\/\/mod.wisdar.net\/tr\/wp-json\/wp\/v2\/product"}],"about":[{"href":"https:\/\/mod.wisdar.net\/tr\/wp-json\/wp\/v2\/types\/product"}],"replies":[{"embeddable":true,"href":"https:\/\/mod.wisdar.net\/tr\/wp-json\/wp\/v2\/comments?post=97718"}],"wp:featuredmedia":[{"embeddable":true,"href":"https:\/\/mod.wisdar.net\/tr\/wp-json\/wp\/v2\/media\/97705"}],"wp:attachment":[{"href":"https:\/\/mod.wisdar.net\/tr\/wp-json\/wp\/v2\/media?parent=97718"}],"wp:term":[{"taxonomy":"product_brand","embeddable":true,"href":"https:\/\/mod.wisdar.net\/tr\/wp-json\/wp\/v2\/product_brand?post=97718"},{"taxonomy":"product_cat","embeddable":true,"href":"https:\/\/mod.wisdar.net\/tr\/wp-json\/wp\/v2\/product_cat?post=97718"},{"taxonomy":"product_tag","embeddable":true,"href":"https:\/\/mod.wisdar.net\/tr\/wp-json\/wp\/v2\/product_tag?post=97718"}],"curies":[{"name":"wp","href":"https:\/\/api.w.org\/{rel}","templated":true}]}}