{"id":97760,"date":"2026-02-13T21:47:20","date_gmt":"2026-02-13T21:47:20","guid":{"rendered":"https:\/\/modesthanim.com\/product\/cimen-pantolon-takim-krem\/"},"modified":"2026-04-01T06:22:07","modified_gmt":"2026-04-01T06:22:07","slug":"cimen-pantolon-takim-krem","status":"publish","type":"product","link":"https:\/\/mod.wisdar.net\/tr\/urun\/cimen-pantolon-takim-krem\/","title":{"rendered":"\u00c7imen Pantolon Tak\u0131m Krem"},"content":{"rendered":"<p>Tak\u0131m 1.S\u0131n\u0131f Krep Kuma\u015ft\u0131r.<br \/>\nCeket \u00d6nden \u0130ki D\u00fc\u011fmelidir.<br \/>\nCeket Bel Diki\u015f Detayl\u0131d\u0131r.<br \/>\nCeket Astarl\u0131 Vatkal\u0131d\u0131r.<br \/>\nPantolon D\u00fc\u011fmeli Fermuarl\u0131d\u0131r.<br \/>\nPantolon Ceplidir,Bol Pa\u00e7ad\u0131r.<br \/>\nCeket Boy:79cm Omuz:38cm G\u00f6\u011f\u00fca:48cm Bel:37cm<br \/>\nPantolon Boy:108cm Bel:38cm Pa\u00e7a Geni\u015fli\u011fi:37cm Basen:48cm<\/p>\n","protected":false},"excerpt":{"rendered":"<p>Tak\u0131m 1.S\u0131n\u0131f Krep Kuma\u015ft\u0131r. Ceket \u00d6nden \u0130ki D\u00fc\u011fmelidir. Ceket Bel Diki\u015f Detayl\u0131d\u0131r. Ceket Astarl\u0131 Vatkal\u0131d\u0131r. Pantolon D\u00fc\u011fmeli Fermuarl\u0131d\u0131r. Pantolon Ceplidir,Bol Pa\u00e7ad\u0131r. Ceket Boy:79cm Omuz:38cm G\u00f6\u011f\u00fca:48cm Bel:37cm Pantolon Boy:108cm Bel:38cm Pa\u00e7a Geni\u015fli\u011fi:37cm Basen:48cm<\/p>\n","protected":false},"featured_media":97751,"comment_status":"open","ping_status":"closed","template":"","meta":[],"product_brand":[],"product_cat":[1900],"product_tag":[8640,4229,3061,8639,8638,5825],"class_list":{"0":"post-97760","1":"product","2":"type-product","3":"status-publish","4":"has-post-thumbnail","6":"product_cat-koordinatlar-setler","7":"product_tag-cream-suit","8":"product_tag-fashion-set","9":"product_tag-lined-jacket","10":"product_tag-meadow-green","11":"product_tag-premium-crepe-suit","12":"product_tag-wide-leg-trousers-2","13":"pa_brand-butikkolik","14":"pa_color-krem","15":"pa_size-4706","16":"pa_size-4711","17":"pa_size-4713","18":"pa_size-4751","19":"pa_size-4749","21":"first","22":"instock","23":"sale","24":"shipping-taxable","25":"purchasable","26":"product-type-variable"},"_links":{"self":[{"href":"https:\/\/mod.wisdar.net\/tr\/wp-json\/wp\/v2\/product\/97760","targetHints":{"allow":["GET"]}}],"collection":[{"href":"https:\/\/mod.wisdar.net\/tr\/wp-json\/wp\/v2\/product"}],"about":[{"href":"https:\/\/mod.wisdar.net\/tr\/wp-json\/wp\/v2\/types\/product"}],"replies":[{"embeddable":true,"href":"https:\/\/mod.wisdar.net\/tr\/wp-json\/wp\/v2\/comments?post=97760"}],"wp:featuredmedia":[{"embeddable":true,"href":"https:\/\/mod.wisdar.net\/tr\/wp-json\/wp\/v2\/media\/97751"}],"wp:attachment":[{"href":"https:\/\/mod.wisdar.net\/tr\/wp-json\/wp\/v2\/media?parent=97760"}],"wp:term":[{"taxonomy":"product_brand","embeddable":true,"href":"https:\/\/mod.wisdar.net\/tr\/wp-json\/wp\/v2\/product_brand?post=97760"},{"taxonomy":"product_cat","embeddable":true,"href":"https:\/\/mod.wisdar.net\/tr\/wp-json\/wp\/v2\/product_cat?post=97760"},{"taxonomy":"product_tag","embeddable":true,"href":"https:\/\/mod.wisdar.net\/tr\/wp-json\/wp\/v2\/product_tag?post=97760"}],"curies":[{"name":"wp","href":"https:\/\/api.w.org\/{rel}","templated":true}]}}