{"id":97812,"date":"2026-02-13T21:47:43","date_gmt":"2026-02-13T21:47:43","guid":{"rendered":"https:\/\/modesthanim.com\/product\/yaprak-elbise-kahverengi\/"},"modified":"2026-03-21T00:21:00","modified_gmt":"2026-03-21T00:21:00","slug":"yaprak-elbise-kahverengi","status":"publish","type":"product","link":"https:\/\/mod.wisdar.net\/tr\/urun\/yaprak-elbise-kahverengi\/","title":{"rendered":"Yaprak Elbise Kahverengi"},"content":{"rendered":"<p>Elbise Boyun Ba\u011flama Detayl\u0131d\u0131r.<br \/>\nElbise Omuz Vatkas\u0131 Mevcuttur.<br \/>\nElbise Beli Lastiklidir.<br \/>\nElbise Yaka Arkas\u0131ndan Fermuarl\u0131d\u0131r.<\/p>\n","protected":false},"excerpt":{"rendered":"<p>Elbise Boyun Ba\u011flama Detayl\u0131d\u0131r. Elbise Omuz Vatkas\u0131 Mevcuttur. Elbise Beli Lastiklidir. Elbise Yaka Arkas\u0131ndan Fermuarl\u0131d\u0131r.<\/p>\n","protected":false},"featured_media":97797,"comment_status":"open","ping_status":"closed","template":"","meta":[],"product_brand":[],"product_cat":[6249,1933],"product_tag":[8436,6744,8437,6765],"class_list":{"0":"post-97812","1":"product","2":"type-product","3":"status-publish","4":"has-post-thumbnail","6":"product_cat-elbiseler","7":"product_cat-gunluk-ve-gunduz-elbiseleri","8":"product_tag-arkadan-fermuarli","9":"product_tag-kadin-modasi","10":"product_tag-kahve-elbise-2","11":"product_tag-lastikli-bel","12":"pa_brand-butikkolik","13":"pa_color-kahverengi","14":"pa_size-4706","15":"pa_size-4711","16":"pa_size-4713","17":"pa_size-4751","19":"first","20":"outofstock","21":"shipping-taxable","22":"product-type-variable"},"_links":{"self":[{"href":"https:\/\/mod.wisdar.net\/tr\/wp-json\/wp\/v2\/product\/97812","targetHints":{"allow":["GET"]}}],"collection":[{"href":"https:\/\/mod.wisdar.net\/tr\/wp-json\/wp\/v2\/product"}],"about":[{"href":"https:\/\/mod.wisdar.net\/tr\/wp-json\/wp\/v2\/types\/product"}],"replies":[{"embeddable":true,"href":"https:\/\/mod.wisdar.net\/tr\/wp-json\/wp\/v2\/comments?post=97812"}],"wp:featuredmedia":[{"embeddable":true,"href":"https:\/\/mod.wisdar.net\/tr\/wp-json\/wp\/v2\/media\/97797"}],"wp:attachment":[{"href":"https:\/\/mod.wisdar.net\/tr\/wp-json\/wp\/v2\/media?parent=97812"}],"wp:term":[{"taxonomy":"product_brand","embeddable":true,"href":"https:\/\/mod.wisdar.net\/tr\/wp-json\/wp\/v2\/product_brand?post=97812"},{"taxonomy":"product_cat","embeddable":true,"href":"https:\/\/mod.wisdar.net\/tr\/wp-json\/wp\/v2\/product_cat?post=97812"},{"taxonomy":"product_tag","embeddable":true,"href":"https:\/\/mod.wisdar.net\/tr\/wp-json\/wp\/v2\/product_tag?post=97812"}],"curies":[{"name":"wp","href":"https:\/\/api.w.org\/{rel}","templated":true}]}}