{"id":97855,"date":"2026-02-13T21:47:59","date_gmt":"2026-02-13T21:47:59","guid":{"rendered":"https:\/\/modesthanim.com\/product\/yaprak-elbise-vizon-2\/"},"modified":"2026-04-09T07:21:29","modified_gmt":"2026-04-09T07:21:29","slug":"yaprak-elbise-vizon-2","status":"publish","type":"product","link":"https:\/\/mod.wisdar.net\/tr\/urun\/yaprak-elbise-vizon-2\/","title":{"rendered":"Yaprak Elbise Vizon"},"content":{"rendered":"<p>Elbise Boyun Ba\u011flama Detayl\u0131d\u0131r.<br \/>\nElbise Omuz Vatkas\u0131 Mevcuttur.<br \/>\nElbise Beli Lastiklidir.<br \/>\nElbise Yaka Arkas\u0131ndan Fermuarl\u0131d\u0131r.<\/p>\n","protected":false},"excerpt":{"rendered":"<p>Elbise Boyun Ba\u011flama Detayl\u0131d\u0131r. Elbise Omuz Vatkas\u0131 Mevcuttur. Elbise Beli Lastiklidir. Elbise Yaka Arkas\u0131ndan Fermuarl\u0131d\u0131r.<\/p>\n","protected":false},"featured_media":97844,"comment_status":"open","ping_status":"closed","template":"","meta":[],"product_brand":[],"product_cat":[6249,1933],"product_tag":[6765],"class_list":{"0":"post-97855","1":"product","2":"type-product","3":"status-publish","4":"has-post-thumbnail","6":"product_cat-elbiseler","7":"product_cat-gunluk-ve-gunduz-elbiseleri","8":"product_tag-lastikli-bel","9":"pa_brand-butikkolik","10":"pa_color-vizon","11":"pa_size-4706","12":"pa_size-4711","13":"pa_size-4713","14":"pa_size-4751","16":"first","17":"instock","18":"sale","19":"shipping-taxable","20":"purchasable","21":"product-type-variable"},"_links":{"self":[{"href":"https:\/\/mod.wisdar.net\/tr\/wp-json\/wp\/v2\/product\/97855","targetHints":{"allow":["GET"]}}],"collection":[{"href":"https:\/\/mod.wisdar.net\/tr\/wp-json\/wp\/v2\/product"}],"about":[{"href":"https:\/\/mod.wisdar.net\/tr\/wp-json\/wp\/v2\/types\/product"}],"replies":[{"embeddable":true,"href":"https:\/\/mod.wisdar.net\/tr\/wp-json\/wp\/v2\/comments?post=97855"}],"wp:featuredmedia":[{"embeddable":true,"href":"https:\/\/mod.wisdar.net\/tr\/wp-json\/wp\/v2\/media\/97844"}],"wp:attachment":[{"href":"https:\/\/mod.wisdar.net\/tr\/wp-json\/wp\/v2\/media?parent=97855"}],"wp:term":[{"taxonomy":"product_brand","embeddable":true,"href":"https:\/\/mod.wisdar.net\/tr\/wp-json\/wp\/v2\/product_brand?post=97855"},{"taxonomy":"product_cat","embeddable":true,"href":"https:\/\/mod.wisdar.net\/tr\/wp-json\/wp\/v2\/product_cat?post=97855"},{"taxonomy":"product_tag","embeddable":true,"href":"https:\/\/mod.wisdar.net\/tr\/wp-json\/wp\/v2\/product_tag?post=97855"}],"curies":[{"name":"wp","href":"https:\/\/api.w.org\/{rel}","templated":true}]}}