{"id":97909,"date":"2026-02-13T21:48:19","date_gmt":"2026-02-13T21:48:19","guid":{"rendered":"https:\/\/modesthanim.com\/product\/oyku-etek-takim-bordo\/"},"modified":"2026-03-21T00:21:42","modified_gmt":"2026-03-21T00:21:42","slug":"oyku-etek-takim-bordo","status":"publish","type":"product","link":"https:\/\/mod.wisdar.net\/tr\/urun\/oyku-etek-takim-bordo\/","title":{"rendered":"\u00d6yk\u00fc Etek Tak\u0131m Bordo"},"content":{"rendered":"<p>Tak\u0131m1.S\u0131n\u0131f \u015eifon Kuma\u015ft\u0131r. Bluz Yaka Arkas\u0131ndan Fermuarl\u0131d\u0131r. Bluz Astarl\u0131d\u0131r. Bluz Kol Ucu D\u00fc\u011fmelidir. Bluz Ku\u015fakl\u0131d\u0131r. Etek Beli Lastiklidir. Etek Ekose Desenli Ve Piliselidir. Bluz Boy:66cm Omuz:37cm G\u00f6\u011f\u00fcs:49cm Etek Boy:100cm Bel:33cm<\/p>\n","protected":false},"excerpt":{"rendered":"<p>Tak\u0131m1.S\u0131n\u0131f \u015eifon Kuma\u015ft\u0131r. Bluz Yaka Arkas\u0131ndan Fermuarl\u0131d\u0131r. Bluz Astarl\u0131d\u0131r. Bluz Kol Ucu D\u00fc\u011fmelidir. Bluz Ku\u015fakl\u0131d\u0131r. Etek Beli Lastiklidir. Etek Ekose Desenli Ve Piliselidir. Bluz Boy:66cm Omuz:37cm G\u00f6\u011f\u00fcs:49cm Etek Boy:100cm Bel:33cm<\/p>\n","protected":false},"featured_media":97896,"comment_status":"open","ping_status":"closed","template":"","meta":[],"product_brand":[],"product_cat":[1900],"product_tag":[7150,7824,8398,6744,6747,6924],"class_list":{"0":"post-97909","1":"product","2":"type-product","3":"status-publish","4":"has-post-thumbnail","6":"product_cat-koordinatlar-setler","7":"product_tag-bordo","8":"product_tag-ekose-2","9":"product_tag-etek-takim","10":"product_tag-kadin-modasi","11":"product_tag-pile-detayli","12":"product_tag-sifon","13":"pa_brand-butikkolik","14":"pa_color-bordo","15":"pa_size-4446","16":"pa_size-4706","17":"pa_size-4711","18":"pa_size-4713","19":"pa_size-4751","20":"pa_size-4749","22":"first","23":"outofstock","24":"shipping-taxable","25":"product-type-variable"},"_links":{"self":[{"href":"https:\/\/mod.wisdar.net\/tr\/wp-json\/wp\/v2\/product\/97909","targetHints":{"allow":["GET"]}}],"collection":[{"href":"https:\/\/mod.wisdar.net\/tr\/wp-json\/wp\/v2\/product"}],"about":[{"href":"https:\/\/mod.wisdar.net\/tr\/wp-json\/wp\/v2\/types\/product"}],"replies":[{"embeddable":true,"href":"https:\/\/mod.wisdar.net\/tr\/wp-json\/wp\/v2\/comments?post=97909"}],"wp:featuredmedia":[{"embeddable":true,"href":"https:\/\/mod.wisdar.net\/tr\/wp-json\/wp\/v2\/media\/97896"}],"wp:attachment":[{"href":"https:\/\/mod.wisdar.net\/tr\/wp-json\/wp\/v2\/media?parent=97909"}],"wp:term":[{"taxonomy":"product_brand","embeddable":true,"href":"https:\/\/mod.wisdar.net\/tr\/wp-json\/wp\/v2\/product_brand?post=97909"},{"taxonomy":"product_cat","embeddable":true,"href":"https:\/\/mod.wisdar.net\/tr\/wp-json\/wp\/v2\/product_cat?post=97909"},{"taxonomy":"product_tag","embeddable":true,"href":"https:\/\/mod.wisdar.net\/tr\/wp-json\/wp\/v2\/product_tag?post=97909"}],"curies":[{"name":"wp","href":"https:\/\/api.w.org\/{rel}","templated":true}]}}