{"id":97961,"date":"2026-02-13T21:48:38","date_gmt":"2026-02-13T21:48:38","guid":{"rendered":"https:\/\/modesthanim.com\/product\/oyku-etek-takim-cagla\/"},"modified":"2026-03-21T00:30:48","modified_gmt":"2026-03-21T00:30:48","slug":"oyku-etek-takim-cagla","status":"publish","type":"product","link":"https:\/\/mod.wisdar.net\/tr\/urun\/oyku-etek-takim-cagla\/","title":{"rendered":"\u00d6yk\u00fc Etek Tak\u0131m \u00c7a\u011fla"},"content":{"rendered":"<p>Tak\u0131m1.S\u0131n\u0131f \u015eifon Kuma\u015ft\u0131r.<br \/>\nBluz Yaka Arkas\u0131ndan Fermuarl\u0131d\u0131r.<br \/>\nBluz Astarl\u0131d\u0131r.<br \/>\nBluz Kol Ucu D\u00fc\u011fmelidir.<br \/>\nBluz Ku\u015fakl\u0131d\u0131r.<br \/>\nEtek Beli Lastiklidir.<br \/>\nEtek Ekose Desenli Ve Piliselidir.<br \/>\nBluz Boy:66cm Omuz:37cm G\u00f6\u011f\u00fcs:49cm<br \/>\nEtek Boy:100cm Bel:33cm<\/p>\n","protected":false},"excerpt":{"rendered":"<p>Tak\u0131m1.S\u0131n\u0131f \u015eifon Kuma\u015ft\u0131r. Bluz Yaka Arkas\u0131ndan Fermuarl\u0131d\u0131r. Bluz Astarl\u0131d\u0131r. Bluz Kol Ucu D\u00fc\u011fmelidir. Bluz Ku\u015fakl\u0131d\u0131r. Etek Beli Lastiklidir. Etek Ekose Desenli Ve Piliselidir. Bluz Boy:66cm Omuz:37cm G\u00f6\u011f\u00fcs:49cm Etek Boy:100cm Bel:33cm<\/p>\n","protected":false},"featured_media":97950,"comment_status":"open","ping_status":"closed","template":"","meta":[],"product_brand":[],"product_cat":[1900],"product_tag":[7824,8398,6744,7600,6924],"class_list":{"0":"post-97961","1":"product","2":"type-product","3":"status-publish","4":"has-post-thumbnail","6":"product_cat-koordinatlar-setler","7":"product_tag-ekose-2","8":"product_tag-etek-takim","9":"product_tag-kadin-modasi","10":"product_tag-pileli-etek","11":"product_tag-sifon","12":"pa_brand-butikkolik","13":"pa_color-cagla","14":"pa_size-4446","15":"pa_size-4706","16":"pa_size-4711","17":"pa_size-4713","18":"pa_size-4751","19":"pa_size-4749","21":"first","22":"outofstock","23":"shipping-taxable","24":"product-type-variable"},"_links":{"self":[{"href":"https:\/\/mod.wisdar.net\/tr\/wp-json\/wp\/v2\/product\/97961","targetHints":{"allow":["GET"]}}],"collection":[{"href":"https:\/\/mod.wisdar.net\/tr\/wp-json\/wp\/v2\/product"}],"about":[{"href":"https:\/\/mod.wisdar.net\/tr\/wp-json\/wp\/v2\/types\/product"}],"replies":[{"embeddable":true,"href":"https:\/\/mod.wisdar.net\/tr\/wp-json\/wp\/v2\/comments?post=97961"}],"wp:featuredmedia":[{"embeddable":true,"href":"https:\/\/mod.wisdar.net\/tr\/wp-json\/wp\/v2\/media\/97950"}],"wp:attachment":[{"href":"https:\/\/mod.wisdar.net\/tr\/wp-json\/wp\/v2\/media?parent=97961"}],"wp:term":[{"taxonomy":"product_brand","embeddable":true,"href":"https:\/\/mod.wisdar.net\/tr\/wp-json\/wp\/v2\/product_brand?post=97961"},{"taxonomy":"product_cat","embeddable":true,"href":"https:\/\/mod.wisdar.net\/tr\/wp-json\/wp\/v2\/product_cat?post=97961"},{"taxonomy":"product_tag","embeddable":true,"href":"https:\/\/mod.wisdar.net\/tr\/wp-json\/wp\/v2\/product_tag?post=97961"}],"curies":[{"name":"wp","href":"https:\/\/api.w.org\/{rel}","templated":true}]}}