{"id":98009,"date":"2026-02-13T21:49:01","date_gmt":"2026-02-13T21:49:01","guid":{"rendered":"https:\/\/modesthanim.com\/product\/sumeyra-etekli-takim-murdum\/"},"modified":"2026-03-03T12:50:45","modified_gmt":"2026-03-03T12:50:45","slug":"sumeyra-etekli-takim-murdum","status":"publish","type":"product","link":"https:\/\/mod.wisdar.net\/tr\/urun\/sumeyra-etekli-takim-murdum\/","title":{"rendered":"S\u00fcmeyra Etekli Tak\u0131m M\u00fcrd\u00fcm"},"content":{"rendered":"<p>Tak\u0131m1.S\u0131n\u0131f Tensel Kuma\u015ft\u0131r.<br \/>\nCeket Tam Boy Fermuarl\u0131d\u0131r.<br \/>\nCeket Ceplidir.<br \/>\nCeket D\u00fc\u015f\u00fck Omuzludur.<br \/>\nCeket Beli Ayarlanabilir Lastiklidir.<br \/>\nCeket Kol Ucu Lastiklidir.<br \/>\nEtek Beli Fermuarl\u0131d\u0131r<br \/>\nEtek Par\u00e7a Detayl\u0131d\u0131r.<br \/>\nCeket Boy: 61cm G\u00f6\u011f\u00fcs:57cm<br \/>\nEtek Boy: 93cm Bel:36cm<\/p>\n","protected":false},"excerpt":{"rendered":"<p>Tak\u0131m1.S\u0131n\u0131f Tensel Kuma\u015ft\u0131r. Ceket Tam Boy Fermuarl\u0131d\u0131r. Ceket Ceplidir. Ceket D\u00fc\u015f\u00fck Omuzludur. Ceket Beli Ayarlanabilir Lastiklidir. Ceket Kol Ucu Lastiklidir. Etek Beli Fermuarl\u0131d\u0131r Etek Par\u00e7a Detayl\u0131d\u0131r. Ceket Boy: 61cm G\u00f6\u011f\u00fcs:57cm Etek Boy: 93cm Bel:36cm<\/p>\n","protected":false},"featured_media":98000,"comment_status":"open","ping_status":"closed","template":"","meta":[],"product_brand":[],"product_cat":[1900],"product_tag":[8398,6744,7054],"class_list":{"0":"post-98009","1":"product","2":"type-product","3":"status-publish","4":"has-post-thumbnail","6":"product_cat-koordinatlar-setler","7":"product_tag-etek-takim","8":"product_tag-kadin-modasi","9":"product_tag-mor","10":"pa_brand-butikkolik","11":"pa_color-murdum","12":"pa_size-4706","13":"pa_size-4711","14":"pa_size-4713","15":"pa_size-4751","17":"first","18":"instock","19":"sale","20":"shipping-taxable","21":"purchasable","22":"product-type-variable"},"_links":{"self":[{"href":"https:\/\/mod.wisdar.net\/tr\/wp-json\/wp\/v2\/product\/98009","targetHints":{"allow":["GET"]}}],"collection":[{"href":"https:\/\/mod.wisdar.net\/tr\/wp-json\/wp\/v2\/product"}],"about":[{"href":"https:\/\/mod.wisdar.net\/tr\/wp-json\/wp\/v2\/types\/product"}],"replies":[{"embeddable":true,"href":"https:\/\/mod.wisdar.net\/tr\/wp-json\/wp\/v2\/comments?post=98009"}],"wp:featuredmedia":[{"embeddable":true,"href":"https:\/\/mod.wisdar.net\/tr\/wp-json\/wp\/v2\/media\/98000"}],"wp:attachment":[{"href":"https:\/\/mod.wisdar.net\/tr\/wp-json\/wp\/v2\/media?parent=98009"}],"wp:term":[{"taxonomy":"product_brand","embeddable":true,"href":"https:\/\/mod.wisdar.net\/tr\/wp-json\/wp\/v2\/product_brand?post=98009"},{"taxonomy":"product_cat","embeddable":true,"href":"https:\/\/mod.wisdar.net\/tr\/wp-json\/wp\/v2\/product_cat?post=98009"},{"taxonomy":"product_tag","embeddable":true,"href":"https:\/\/mod.wisdar.net\/tr\/wp-json\/wp\/v2\/product_tag?post=98009"}],"curies":[{"name":"wp","href":"https:\/\/api.w.org\/{rel}","templated":true}]}}