{"id":98094,"date":"2026-02-13T21:50:00","date_gmt":"2026-02-13T21:50:00","guid":{"rendered":"https:\/\/modesthanim.com\/product\/kemerli-scuba-elbise-32-3701-1\/"},"modified":"2026-04-02T20:36:02","modified_gmt":"2026-04-02T20:36:02","slug":"kemerli-scuba-elbise-32-3701-1","status":"publish","type":"product","link":"https:\/\/mod.wisdar.net\/tr\/urun\/kemerli-scuba-elbise-32-3701-1\/","title":{"rendered":"Kemerli Scuba Elbise 32-3701-1"},"content":{"rendered":"<p>Bisiklet yaka tasar\u0131m\u0131 ve yaka arkas\u0131ndaki 37 cm fermuar detay\u0131yla modern bir g\u00f6r\u00fcn\u00fcm sunan elbise, vatkal\u0131 omuz yap\u0131s\u0131yla g\u00fc\u00e7l\u00fc bir duru\u015f sa\u011flar. Seyyar kemeri bel hatt\u0131n\u0131 vurgularken yan cepler g\u00fcnl\u00fck kullan\u0131mda pratiklik kazand\u0131r\u0131r. Scuba kuma\u015f\u0131n tok ve form tutan yap\u0131s\u0131 elbiseye d\u00fczg\u00fcn ve \u015f\u0131k bir siluet verir.<\/p>\n<p>\u00dcr\u00fcn \u00d6zellikleri<\/p>\n<p>Bisiklet yaka<br \/>\nYaka arkas\u0131ndan 37 cm fermuarl\u0131<br \/>\nOmuz vatkal\u0131<br \/>\nSeyyar kemer<br \/>\nYan cepli<br \/>\n%100 Polyester<br \/>\nScuba kuma\u015f<\/p>\n<p>Manken Bilgisi<\/p>\n<p>\u00dczerindeki beden: 36 beden<br \/>\nBoy: 178 cm<br \/>\nKilo: 53 kg<\/p>\n<p>36 Beden \u00d6l\u00e7\u00fcleri<\/p>\n<p>Boy: 128 cm<br \/>\nG\u00f6\u011f\u00fcs: 90 cm<br \/>\nOmuz: 40 cm<br \/>\nKol Boyu: 50 cm (diki\u015ften itibaren)<br \/>\nBel: 38 cm<br \/>\nBasen: 100 cm<\/p>\n<p>38 Beden \u00d6l\u00e7\u00fcleri<\/p>\n<p>Boy: 128 cm<br \/>\nG\u00f6\u011f\u00fcs: 95 cm<br \/>\nOmuz: 42 cm<br \/>\nKol Boyu: 50 cm (diki\u015ften itibaren)<br \/>\nBel: 40 cm<br \/>\nBasen: 105 cm<\/p>\n<p>40 Beden \u00d6l\u00e7\u00fcleri<\/p>\n<p>Boy: 128 cm<br \/>\nG\u00f6\u011f\u00fcs: 100 cm<br \/>\nOmuz: 44 cm<br \/>\nKol Boyu: 50 cm (diki\u015ften itibaren)<br \/>\nBel: 42 cm<br \/>\nBasen: 110 cm<\/p>\n<p>42 Beden \u00d6l\u00e7\u00fcleri<\/p>\n<p>Boy: 128 cm<br \/>\nG\u00f6\u011f\u00fcs: 105 cm<br \/>\nOmuz: 46 cm<br \/>\nKol Boyu: 50 cm (diki\u015ften itibaren)<br \/>\nBel: 44 cm<br \/>\nBasen: 115 cm<\/p>\n","protected":false},"excerpt":{"rendered":"<p>Bisiklet yaka tasar\u0131m\u0131 ve yaka arkas\u0131ndaki 37 cm fermuar detay\u0131yla modern bir g\u00f6r\u00fcn\u00fcm sunan elbise, vatkal\u0131 omuz yap\u0131s\u0131yla g\u00fc\u00e7l\u00fc bir duru\u015f sa\u011flar. Seyyar kemeri bel hatt\u0131n\u0131 vurgularken yan cepler g\u00fcnl\u00fck kullan\u0131mda pratiklik kazand\u0131r\u0131r. Scuba kuma\u015f\u0131n tok ve form tutan yap\u0131s\u0131 elbiseye d\u00fczg\u00fcn ve \u015f\u0131k bir siluet verir. \u00dcr\u00fcn \u00d6zellikleri Bisiklet yaka Yaka arkas\u0131ndan 37 cm [&hellip;]<\/p>\n","protected":false},"featured_media":98075,"comment_status":"open","ping_status":"closed","template":"","meta":[],"product_brand":[],"product_cat":[6249,1933],"product_tag":[],"class_list":{"0":"post-98094","1":"product","2":"type-product","3":"status-publish","4":"has-post-thumbnail","6":"product_cat-elbiseler","7":"product_cat-gunluk-ve-gunduz-elbiseleri","8":"pa_brand-melike-tatar","9":"pa_color-kahverengi","10":"pa_size-4701","11":"pa_size-4711","13":"first","14":"outofstock","15":"sale","16":"shipping-taxable","17":"purchasable","18":"product-type-variable"},"_links":{"self":[{"href":"https:\/\/mod.wisdar.net\/tr\/wp-json\/wp\/v2\/product\/98094","targetHints":{"allow":["GET"]}}],"collection":[{"href":"https:\/\/mod.wisdar.net\/tr\/wp-json\/wp\/v2\/product"}],"about":[{"href":"https:\/\/mod.wisdar.net\/tr\/wp-json\/wp\/v2\/types\/product"}],"replies":[{"embeddable":true,"href":"https:\/\/mod.wisdar.net\/tr\/wp-json\/wp\/v2\/comments?post=98094"}],"wp:featuredmedia":[{"embeddable":true,"href":"https:\/\/mod.wisdar.net\/tr\/wp-json\/wp\/v2\/media\/98075"}],"wp:attachment":[{"href":"https:\/\/mod.wisdar.net\/tr\/wp-json\/wp\/v2\/media?parent=98094"}],"wp:term":[{"taxonomy":"product_brand","embeddable":true,"href":"https:\/\/mod.wisdar.net\/tr\/wp-json\/wp\/v2\/product_brand?post=98094"},{"taxonomy":"product_cat","embeddable":true,"href":"https:\/\/mod.wisdar.net\/tr\/wp-json\/wp\/v2\/product_cat?post=98094"},{"taxonomy":"product_tag","embeddable":true,"href":"https:\/\/mod.wisdar.net\/tr\/wp-json\/wp\/v2\/product_tag?post=98094"}],"curies":[{"name":"wp","href":"https:\/\/api.w.org\/{rel}","templated":true}]}}