{"id":98146,"date":"2026-02-14T08:30:12","date_gmt":"2026-02-14T08:30:12","guid":{"rendered":"https:\/\/modesthanim.com\/product\/dantel-kemerli-elbise-32-2648\/"},"modified":"2026-04-02T21:28:26","modified_gmt":"2026-04-02T21:28:26","slug":"dantel-kemerli-elbise-32-2648","status":"publish","type":"product","link":"https:\/\/mod.wisdar.net\/tr\/urun\/dantel-kemerli-elbise-32-2648\/","title":{"rendered":"Dantel Kemerli Elbise 32-2648"},"content":{"rendered":"<p>Bisiklet yaka tasar\u0131m\u0131 ve yaka arkas\u0131ndaki 55 cm fermuar detay\u0131yla zarif bir duru\u015f sunan dantel elbise, ince seyyar kemeri ve seyyar astar\u0131yla birlikte rahat ve \u015f\u0131k bir kullan\u0131m sa\u011flar. Hafif yap\u0131s\u0131 sayesinde \u00f6zel g\u00fcnlerde konforlu bir alternatif sunar. Dantel kuma\u015f\u0131n zarif dokusu modele feminen bir g\u00f6r\u00fcn\u00fcm kazand\u0131r\u0131r.<\/p>\n<p>\u00dcr\u00fcn \u00d6zellikleri<\/p>\n<p>Bisiklet yakad\u0131r<br \/>\nYaka arkas\u0131ndan 55 cm fermuarl\u0131d\u0131r<br \/>\n\u0130nce seyyar kemerlidir<br \/>\nSeyyar astarl\u0131d\u0131r<br \/>\n%95 polyester<br \/>\n%5 lycrad\u0131r<br \/>\nDantel kuma\u015ft\u0131r<\/p>\n<p>Manken Bilgisi<\/p>\n<p>\u00dczerindeki beden: 36 beden<br \/>\nBoy: 178 cm<br \/>\nKilo: 53 kg<\/p>\n<p>36 Beden \u00d6l\u00e7\u00fcleri<\/p>\n<p>Boy: 136 cm<br \/>\nG\u00f6\u011f\u00fcs: 80 cm<br \/>\nOmuz: 35 cm<br \/>\nKol boyu: 60 cm<br \/>\nBel: 38 cm<br \/>\nBasen: 80 cm<\/p>\n<p>38 Beden \u00d6l\u00e7\u00fcleri<\/p>\n<p>Boy: 136 cm<br \/>\nG\u00f6\u011f\u00fcs: 90 cm<br \/>\nOmuz: 37 cm<br \/>\nKol boyu: 60 cm<br \/>\nBel: 40 cm<br \/>\nBasen: 90 cm<\/p>\n<p>40 Beden \u00d6l\u00e7\u00fcleri<\/p>\n<p>Boy: 136 cm<br \/>\nG\u00f6\u011f\u00fcs: 100 cm<br \/>\nOmuz: 39 cm<br \/>\nKol boyu: 60 cm<br \/>\nBel: 42 cm<br \/>\nBasen: 100 cm<\/p>\n<p>42 Beden \u00d6l\u00e7\u00fcleri<\/p>\n<p>Boy: 136 cm<br \/>\nG\u00f6\u011f\u00fcs: 110 cm<br \/>\nOmuz: 42 cm<br \/>\nKol boyu: 60 cm<br \/>\nBel: 44 cm<br \/>\nBasen: 110 cm<\/p>\n<p>Astar \u00d6l\u00e7\u00fcs\u00fc<\/p>\n<p>Boy: 133 cm<\/p>\n","protected":false},"excerpt":{"rendered":"<p>Bisiklet yaka tasar\u0131m\u0131 ve yaka arkas\u0131ndaki 55 cm fermuar detay\u0131yla zarif bir duru\u015f sunan dantel elbise, ince seyyar kemeri ve seyyar astar\u0131yla birlikte rahat ve \u015f\u0131k bir kullan\u0131m sa\u011flar. Hafif yap\u0131s\u0131 sayesinde \u00f6zel g\u00fcnlerde konforlu bir alternatif sunar. Dantel kuma\u015f\u0131n zarif dokusu modele feminen bir g\u00f6r\u00fcn\u00fcm kazand\u0131r\u0131r. \u00dcr\u00fcn \u00d6zellikleri Bisiklet yakad\u0131r Yaka arkas\u0131ndan 55 cm [&hellip;]<\/p>\n","protected":false},"featured_media":98137,"comment_status":"open","ping_status":"closed","template":"","meta":[],"product_brand":[],"product_cat":[6249,1933],"product_tag":[],"class_list":{"0":"post-98146","1":"product","2":"type-product","3":"status-publish","4":"has-post-thumbnail","6":"product_cat-elbiseler","7":"product_cat-gunluk-ve-gunduz-elbiseleri","8":"pa_brand-melike-tatar","9":"pa_color-beyaz","10":"pa_color-siyah","11":"pa_size-4701","12":"pa_size-4706","13":"pa_size-4711","14":"pa_size-4713","16":"first","17":"outofstock","18":"sale","19":"shipping-taxable","20":"purchasable","21":"product-type-variable"},"_links":{"self":[{"href":"https:\/\/mod.wisdar.net\/tr\/wp-json\/wp\/v2\/product\/98146","targetHints":{"allow":["GET"]}}],"collection":[{"href":"https:\/\/mod.wisdar.net\/tr\/wp-json\/wp\/v2\/product"}],"about":[{"href":"https:\/\/mod.wisdar.net\/tr\/wp-json\/wp\/v2\/types\/product"}],"replies":[{"embeddable":true,"href":"https:\/\/mod.wisdar.net\/tr\/wp-json\/wp\/v2\/comments?post=98146"}],"wp:featuredmedia":[{"embeddable":true,"href":"https:\/\/mod.wisdar.net\/tr\/wp-json\/wp\/v2\/media\/98137"}],"wp:attachment":[{"href":"https:\/\/mod.wisdar.net\/tr\/wp-json\/wp\/v2\/media?parent=98146"}],"wp:term":[{"taxonomy":"product_brand","embeddable":true,"href":"https:\/\/mod.wisdar.net\/tr\/wp-json\/wp\/v2\/product_brand?post=98146"},{"taxonomy":"product_cat","embeddable":true,"href":"https:\/\/mod.wisdar.net\/tr\/wp-json\/wp\/v2\/product_cat?post=98146"},{"taxonomy":"product_tag","embeddable":true,"href":"https:\/\/mod.wisdar.net\/tr\/wp-json\/wp\/v2\/product_tag?post=98146"}],"curies":[{"name":"wp","href":"https:\/\/api.w.org\/{rel}","templated":true}]}}