{"id":98162,"date":"2026-02-14T08:30:30","date_gmt":"2026-02-14T08:30:30","guid":{"rendered":"https:\/\/modesthanim.com\/product\/kemerli-etekli-poplin-takim-32-2603\/"},"modified":"2026-04-02T20:50:30","modified_gmt":"2026-04-02T20:50:30","slug":"kemerli-etekli-poplin-takim-32-2603","status":"publish","type":"product","link":"https:\/\/mod.wisdar.net\/tr\/urun\/kemerli-etekli-poplin-takim-32-2603\/","title":{"rendered":"Kemerli Etekli Poplin Tak\u0131m 32-2603"},"content":{"rendered":"<p>G\u00f6mlek yaka ve \u00f6nden d\u00fc\u011fmeli tasar\u0131m\u0131yla klasik ve rahat bir g\u00f6r\u00fcn\u00fcm sunan tak\u0131m, d\u00fc\u015f\u00fck omuz formu ve sa\u011f g\u00f6\u011f\u00fcs cebindeki detayla tamamlan\u0131r. Seyyar kemeri v\u00fccuda uyum sa\u011flarken lastikli etek beli ve yan cepler g\u00fcnl\u00fck kullan\u0131mda konfor sunar. Poplin kuma\u015f\u0131n tok ve hafif yap\u0131s\u0131 modeli hem \u015f\u0131k hem kullan\u0131\u015fl\u0131 hale getirir.<\/p>\n<p>\u00dcr\u00fcn \u00d6zellikleri<\/p>\n<p>\u2022 G\u00f6mlek yaka<br \/>\n\u2022 \u00d6nden d\u00fc\u011fmeli<br \/>\n\u2022 Sa\u011f g\u00f6\u011f\u00fcs k\u0131sm\u0131nda cep<br \/>\n\u2022 Seyyar kemer<br \/>\n\u2022 Kol ucu d\u00fc\u011fmeli<br \/>\n\u2022 D\u00fc\u015f\u00fck omuz<br \/>\n\u2022 Etek beli lastikli<br \/>\n\u2022 Yan cepli<br \/>\n\u2022 Poplin kuma\u015f<br \/>\n\u2022 %95 polyester %5 elastan<\/p>\n<p>Manken Bilgisi<\/p>\n<p>\u2022 \u00dczerindeki beden: 1 beden<br \/>\n\u2022 Boy: 172 cm<br \/>\n\u2022 Kilo: 50 kg<\/p>\n<p>1 Beden \u2013 \u00dcst \u00d6l\u00e7\u00fcleri<\/p>\n<p>\u2022 Boy: 68 cm<br \/>\n\u2022 G\u00f6\u011f\u00fcs: 110 cm<br \/>\n\u2022 Omuz: 45 cm<br \/>\n\u2022 Kol Boyu: 48 cm (diki\u015ften itibaren)<\/p>\n<p>1 Beden \u2013 Etek \u00d6l\u00e7\u00fcleri<\/p>\n<p>\u2022 Boy: 93 cm<br \/>\n\u2022 Bel: 66 cm<br \/>\n\u2022 Basen: 130 cm<\/p>\n<p>2 Beden \u2013 \u00dcst \u00d6l\u00e7\u00fcleri<\/p>\n<p>\u2022 Boy: 68 cm<br \/>\n\u2022 G\u00f6\u011f\u00fcs: 120 cm<br \/>\n\u2022 Omuz: 48 cm<br \/>\n\u2022 Kol Boyu: 48 cm (diki\u015ften itibaren)<\/p>\n<p>2 Beden \u2013 Etek \u00d6l\u00e7\u00fcleri<\/p>\n<p>\u2022 Boy: 93 cm<br \/>\n\u2022 Bel: 70 cm<br \/>\n\u2022 Basen: 140 cm<\/p>\n","protected":false},"excerpt":{"rendered":"<p>G\u00f6mlek yaka ve \u00f6nden d\u00fc\u011fmeli tasar\u0131m\u0131yla klasik ve rahat bir g\u00f6r\u00fcn\u00fcm sunan tak\u0131m, d\u00fc\u015f\u00fck omuz formu ve sa\u011f g\u00f6\u011f\u00fcs cebindeki detayla tamamlan\u0131r. Seyyar kemeri v\u00fccuda uyum sa\u011flarken lastikli etek beli ve yan cepler g\u00fcnl\u00fck kullan\u0131mda konfor sunar. Poplin kuma\u015f\u0131n tok ve hafif yap\u0131s\u0131 modeli hem \u015f\u0131k hem kullan\u0131\u015fl\u0131 hale getirir. \u00dcr\u00fcn \u00d6zellikleri \u2022 G\u00f6mlek yaka [&hellip;]<\/p>\n","protected":false},"featured_media":98151,"comment_status":"open","ping_status":"closed","template":"","meta":[],"product_brand":[],"product_cat":[],"product_tag":[],"class_list":{"0":"post-98162","1":"product","2":"type-product","3":"status-publish","4":"has-post-thumbnail","6":"pa_brand-melike-tatar","8":"first","9":"outofstock","10":"sale","11":"shipping-taxable","12":"purchasable","13":"product-type-variable"},"_links":{"self":[{"href":"https:\/\/mod.wisdar.net\/tr\/wp-json\/wp\/v2\/product\/98162","targetHints":{"allow":["GET"]}}],"collection":[{"href":"https:\/\/mod.wisdar.net\/tr\/wp-json\/wp\/v2\/product"}],"about":[{"href":"https:\/\/mod.wisdar.net\/tr\/wp-json\/wp\/v2\/types\/product"}],"replies":[{"embeddable":true,"href":"https:\/\/mod.wisdar.net\/tr\/wp-json\/wp\/v2\/comments?post=98162"}],"wp:featuredmedia":[{"embeddable":true,"href":"https:\/\/mod.wisdar.net\/tr\/wp-json\/wp\/v2\/media\/98151"}],"wp:attachment":[{"href":"https:\/\/mod.wisdar.net\/tr\/wp-json\/wp\/v2\/media?parent=98162"}],"wp:term":[{"taxonomy":"product_brand","embeddable":true,"href":"https:\/\/mod.wisdar.net\/tr\/wp-json\/wp\/v2\/product_brand?post=98162"},{"taxonomy":"product_cat","embeddable":true,"href":"https:\/\/mod.wisdar.net\/tr\/wp-json\/wp\/v2\/product_cat?post=98162"},{"taxonomy":"product_tag","embeddable":true,"href":"https:\/\/mod.wisdar.net\/tr\/wp-json\/wp\/v2\/product_tag?post=98162"}],"curies":[{"name":"wp","href":"https:\/\/api.w.org\/{rel}","templated":true}]}}