{"id":98236,"date":"2026-02-14T08:32:36","date_gmt":"2026-02-14T08:32:36","guid":{"rendered":"https:\/\/modesthanim.com\/product\/poplin-etekli-takim-32-2607\/"},"modified":"2026-04-02T21:17:53","modified_gmt":"2026-04-02T21:17:53","slug":"poplin-etekli-takim-32-2607","status":"publish","type":"product","link":"https:\/\/mod.wisdar.net\/tr\/urun\/poplin-etekli-takim-32-2607\/","title":{"rendered":"Poplin Etekli Tak\u0131m 32-2607"},"content":{"rendered":"<p>G\u00f6mlek yaka ve \u00f6nden d\u00fc\u011fmeli tasar\u0131m\u0131yla klasik bir duru\u015f sunan tak\u0131m, g\u00f6\u011f\u00fcs cebindeki detay ve kol ucu d\u00fc\u011fmeleriyle tamamlan\u0131r. Yanlardan 27 cm y\u0131rtma\u00e7l\u0131 etek ucu hareket \u00f6zg\u00fcrl\u00fc\u011f\u00fc sa\u011flarken, ete\u011fin \u00f6n\u00fc d\u00fcz arkas\u0131 lastikli bel yap\u0131s\u0131 ve sol yandaki 18 cm y\u0131rtma\u00e7 detay\u0131 konforlu bir kullan\u0131m sunar. Poplin kuma\u015f\u0131n hafif ve tok duru\u015fu g\u00fcnl\u00fck \u015f\u0131kl\u0131k i\u00e7in ideal bir g\u00f6r\u00fcn\u00fcm olu\u015fturur.<\/p>\n<p>\u00dcr\u00fcn \u00d6zellikleri<\/p>\n<p>\u2022 G\u00f6mlek yaka<br \/>\n\u2022 \u00d6nden d\u00fc\u011fmeli<br \/>\n\u2022 Kol ucu d\u00fc\u011fmeli<br \/>\n\u2022 G\u00f6\u011f\u00fcs k\u0131sm\u0131nda cep<br \/>\n\u2022 G\u00f6mlek etek ucu yanlardan 27 cm y\u0131rtma\u00e7l\u0131<br \/>\n\u2022 Etek beli \u00f6n\u00fc d\u00fcz, arkas\u0131 lastikli<br \/>\n\u2022 Bel sol yandan 18 cm y\u0131rtma\u00e7l\u0131<br \/>\n\u2022 Astars\u0131z<br \/>\n\u2022 %95 Polyester<br \/>\n\u2022 %5 Lycra<br \/>\n\u2022 Poplin kuma\u015f<\/p>\n<p>Manken Bilgisi<\/p>\n<p>\u2022 \u00dczerindeki beden: 1 beden<br \/>\n\u2022 Boy: 178 cm<br \/>\n\u2022 Kilo: 53 kg<\/p>\n<p>1 Beden \u2013 \u00dcst \u00d6l\u00e7\u00fcleri<\/p>\n<p>\u2022 Boy: 56 cm<br \/>\n\u2022 G\u00f6\u011f\u00fcs: 100 cm<br \/>\n\u2022 Omuz: 45 cm<br \/>\n\u2022 Kol Boyu: 50 cm (diki\u015ften itibaren)<\/p>\n<p>1 Beden \u2013 Etek \u00d6l\u00e7\u00fcleri<\/p>\n<p>\u2022 Boy: 101 cm<br \/>\n\u2022 Bel: 70 cm<br \/>\n\u2022 Basen: 110 cm<\/p>\n<p>2 Beden \u2013 \u00dcst \u00d6l\u00e7\u00fcleri<\/p>\n<p>\u2022 Boy: 56 cm<br \/>\n\u2022 G\u00f6\u011f\u00fcs: 110 cm<br \/>\n\u2022 Omuz: 48 cm<br \/>\n\u2022 Kol Boyu: 50 cm (diki\u015ften itibaren)<\/p>\n<p>2 Beden \u2013 Etek \u00d6l\u00e7\u00fcleri<\/p>\n<p>\u2022 Boy: 101 cm<br \/>\n\u2022 Bel: 72 cm<br \/>\n\u2022 Basen: 120 cm<\/p>\n","protected":false},"excerpt":{"rendered":"<p>G\u00f6mlek yaka ve \u00f6nden d\u00fc\u011fmeli tasar\u0131m\u0131yla klasik bir duru\u015f sunan tak\u0131m, g\u00f6\u011f\u00fcs cebindeki detay ve kol ucu d\u00fc\u011fmeleriyle tamamlan\u0131r. Yanlardan 27 cm y\u0131rtma\u00e7l\u0131 etek ucu hareket \u00f6zg\u00fcrl\u00fc\u011f\u00fc sa\u011flarken, ete\u011fin \u00f6n\u00fc d\u00fcz arkas\u0131 lastikli bel yap\u0131s\u0131 ve sol yandaki 18 cm y\u0131rtma\u00e7 detay\u0131 konforlu bir kullan\u0131m sunar. Poplin kuma\u015f\u0131n hafif ve tok duru\u015fu g\u00fcnl\u00fck \u015f\u0131kl\u0131k i\u00e7in [&hellip;]<\/p>\n","protected":false},"featured_media":98225,"comment_status":"open","ping_status":"closed","template":"","meta":[],"product_brand":[],"product_cat":[1900],"product_tag":[8398,7652,6765],"class_list":{"0":"post-98236","1":"product","2":"type-product","3":"status-publish","4":"has-post-thumbnail","6":"product_cat-koordinatlar-setler","7":"product_tag-etek-takim","8":"product_tag-gunluk-moda-2","9":"product_tag-lastikli-bel","10":"pa_brand-melike-tatar","11":"pa_color-kahverengi","12":"pa_color-siyah","13":"pa_size-1-36-38","14":"pa_size-2-40-42","16":"first","17":"outofstock","18":"sale","19":"shipping-taxable","20":"purchasable","21":"product-type-variable"},"_links":{"self":[{"href":"https:\/\/mod.wisdar.net\/tr\/wp-json\/wp\/v2\/product\/98236","targetHints":{"allow":["GET"]}}],"collection":[{"href":"https:\/\/mod.wisdar.net\/tr\/wp-json\/wp\/v2\/product"}],"about":[{"href":"https:\/\/mod.wisdar.net\/tr\/wp-json\/wp\/v2\/types\/product"}],"replies":[{"embeddable":true,"href":"https:\/\/mod.wisdar.net\/tr\/wp-json\/wp\/v2\/comments?post=98236"}],"wp:featuredmedia":[{"embeddable":true,"href":"https:\/\/mod.wisdar.net\/tr\/wp-json\/wp\/v2\/media\/98225"}],"wp:attachment":[{"href":"https:\/\/mod.wisdar.net\/tr\/wp-json\/wp\/v2\/media?parent=98236"}],"wp:term":[{"taxonomy":"product_brand","embeddable":true,"href":"https:\/\/mod.wisdar.net\/tr\/wp-json\/wp\/v2\/product_brand?post=98236"},{"taxonomy":"product_cat","embeddable":true,"href":"https:\/\/mod.wisdar.net\/tr\/wp-json\/wp\/v2\/product_cat?post=98236"},{"taxonomy":"product_tag","embeddable":true,"href":"https:\/\/mod.wisdar.net\/tr\/wp-json\/wp\/v2\/product_tag?post=98236"}],"curies":[{"name":"wp","href":"https:\/\/api.w.org\/{rel}","templated":true}]}}