{"id":98250,"date":"2026-02-14T08:32:47","date_gmt":"2026-02-14T08:32:47","guid":{"rendered":"https:\/\/modesthanim.com\/product\/zincir-kemer-detayli-etekli-takim-32-2650\/"},"modified":"2026-04-02T20:42:34","modified_gmt":"2026-04-02T20:42:34","slug":"zincir-kemer-detayli-etekli-takim-32-2650","status":"publish","type":"product","link":"https:\/\/mod.wisdar.net\/tr\/urun\/zincir-kemer-detayli-etekli-takim-32-2650\/","title":{"rendered":"Zincir Kemer Detayl\u0131 Etekli Tak\u0131m 32-2650"},"content":{"rendered":"<p>Bisiklet yaka tasar\u0131m\u0131 ve yaka arkas\u0131ndaki 43 cm fermuar detay\u0131yla modern bir duru\u015f sunan tak\u0131m, asimetrik kesimli etek ucu ile hareketli bir siluet olu\u015fturur. Kol ucu d\u00fc\u011fme detay\u0131 ve seyyar zincir kemeri modele \u015f\u0131k bir tamamlay\u0131c\u0131l\u0131k katarken, lastikli etek beli konforlu bir kullan\u0131m sa\u011flar. Cupra kuma\u015f\u0131n ak\u0131c\u0131 ve yumu\u015fak yap\u0131s\u0131 sayesinde zarif ve rahat bir g\u00f6r\u00fcn\u00fcm elde edilir.<\/p>\n<p>\u00dcr\u00fcn \u00d6zellikleri<\/p>\n<p>Bisiklet yaka<br \/>\nYaka arkas\u0131ndan 43 cm fermuarl\u0131<br \/>\nEtek ucu asimetrik kesim<br \/>\nKol ucu d\u00fc\u011fmeli<br \/>\nSeyyar zincir kemer<br \/>\nEtek beli lastikli<br \/>\n%95 Polyester<br \/>\n%5 Lycra<br \/>\nCupra kuma\u015f<\/p>\n<p>Manken Bilgisi<\/p>\n<p>\u00dczerindeki beden: 1 beden<br \/>\nBoy: 178 cm<br \/>\nKilo: 53 kg<\/p>\n<p>1 Beden \u2013 \u00dcst \u00d6l\u00e7\u00fcleri<\/p>\n<p>Sol Boy: 62 cm<br \/>\nSa\u011f Boy: 72 cm<br \/>\nG\u00f6\u011f\u00fcs: 90 cm<br \/>\nOmuz: 37 cm<br \/>\nKol Boyu: 59 cm<\/p>\n<p>1 Beden \u2013 Etek \u00d6l\u00e7\u00fcleri<\/p>\n<p>Boy: 95 cm<br \/>\nBel: 68 cm<br \/>\nBasen: 120 cm<\/p>\n<p>2 Beden \u2013 \u00dcst \u00d6l\u00e7\u00fcleri<\/p>\n<p>Sol Boy: 62 cm<br \/>\nSa\u011f Boy: 72 cm<br \/>\nG\u00f6\u011f\u00fcs: 100 cm<br \/>\nOmuz: 40 cm<br \/>\nKol Boyu: 59 cm<\/p>\n<p>2 Beden \u2013 Etek \u00d6l\u00e7\u00fcleri<\/p>\n<p>Boy: 93 cm<br \/>\nBel: 72 cm<br \/>\nBasen: 130 cm<\/p>\n","protected":false},"excerpt":{"rendered":"<p>Bisiklet yaka tasar\u0131m\u0131 ve yaka arkas\u0131ndaki 43 cm fermuar detay\u0131yla modern bir duru\u015f sunan tak\u0131m, asimetrik kesimli etek ucu ile hareketli bir siluet olu\u015fturur. Kol ucu d\u00fc\u011fme detay\u0131 ve seyyar zincir kemeri modele \u015f\u0131k bir tamamlay\u0131c\u0131l\u0131k katarken, lastikli etek beli konforlu bir kullan\u0131m sa\u011flar. Cupra kuma\u015f\u0131n ak\u0131c\u0131 ve yumu\u015fak yap\u0131s\u0131 sayesinde zarif ve rahat bir [&hellip;]<\/p>\n","protected":false},"featured_media":98233,"comment_status":"open","ping_status":"closed","template":"","meta":[],"product_brand":[],"product_cat":[1900],"product_tag":[6839,8398,6744,6765],"class_list":{"0":"post-98250","1":"product","2":"type-product","3":"status-publish","4":"has-post-thumbnail","6":"product_cat-koordinatlar-setler","7":"product_tag-cupro-kumas","8":"product_tag-etek-takim","9":"product_tag-kadin-modasi","10":"product_tag-lastikli-bel","11":"pa_brand-melike-tatar","12":"pa_color-bordo","13":"pa_color-kahverengi","14":"pa_color-siyah","15":"pa_size-1-36-38","16":"pa_size-2-40-42","18":"first","19":"outofstock","20":"sale","21":"shipping-taxable","22":"purchasable","23":"product-type-variable"},"_links":{"self":[{"href":"https:\/\/mod.wisdar.net\/tr\/wp-json\/wp\/v2\/product\/98250","targetHints":{"allow":["GET"]}}],"collection":[{"href":"https:\/\/mod.wisdar.net\/tr\/wp-json\/wp\/v2\/product"}],"about":[{"href":"https:\/\/mod.wisdar.net\/tr\/wp-json\/wp\/v2\/types\/product"}],"replies":[{"embeddable":true,"href":"https:\/\/mod.wisdar.net\/tr\/wp-json\/wp\/v2\/comments?post=98250"}],"wp:featuredmedia":[{"embeddable":true,"href":"https:\/\/mod.wisdar.net\/tr\/wp-json\/wp\/v2\/media\/98233"}],"wp:attachment":[{"href":"https:\/\/mod.wisdar.net\/tr\/wp-json\/wp\/v2\/media?parent=98250"}],"wp:term":[{"taxonomy":"product_brand","embeddable":true,"href":"https:\/\/mod.wisdar.net\/tr\/wp-json\/wp\/v2\/product_brand?post=98250"},{"taxonomy":"product_cat","embeddable":true,"href":"https:\/\/mod.wisdar.net\/tr\/wp-json\/wp\/v2\/product_cat?post=98250"},{"taxonomy":"product_tag","embeddable":true,"href":"https:\/\/mod.wisdar.net\/tr\/wp-json\/wp\/v2\/product_tag?post=98250"}],"curies":[{"name":"wp","href":"https:\/\/api.w.org\/{rel}","templated":true}]}}