{"id":98349,"date":"2026-02-14T08:34:02","date_gmt":"2026-02-14T08:34:02","guid":{"rendered":"https:\/\/modesthanim.com\/product\/kolu-piliseli-takim-32-2614\/"},"modified":"2026-04-02T21:18:12","modified_gmt":"2026-04-02T21:18:12","slug":"kolu-piliseli-takim-32-2614","status":"publish","type":"product","link":"https:\/\/mod.wisdar.net\/tr\/urun\/kolu-piliseli-takim-32-2614\/","title":{"rendered":"Kolu Piliseli Tak\u0131m 32-2614"},"content":{"rendered":"<p>\u00d6nden d\u00fc\u011fmeli tasar\u0131m\u0131, piliseli kol detay\u0131 ve \u00e7\u0131kar\u0131labilir yaka aksesuar\u0131yla \u015f\u0131k ve zarif bir g\u00f6r\u00fcn\u00fcm sunan tak\u0131m, ince seyyar ip detay\u0131yla v\u00fccuda uyum sa\u011flar. Pantolonun \u00f6n\u00fc d\u00fcz arkas\u0131 lastikli bel yap\u0131s\u0131 ve sol yandan 18 cm fermuar\u0131 rahat bir kullan\u0131m sunarken yan cepler pratiklik kazand\u0131r\u0131r. Krep kuma\u015f\u0131n ak\u0131c\u0131 ve d\u00fczg\u00fcn duru\u015fu modeli hem g\u00fcnl\u00fck hem de \u015f\u0131k kombinler i\u00e7in ideal hale getirir.<\/p>\n<p>\u00dcr\u00fcn \u00d6zellikleri<\/p>\n<p>\u00d6nden d\u00fc\u011fmeli<br \/>\nKolu piliseli<br \/>\n\u0130nce seyyar ip<br \/>\n\u00d6n\u00fcnde 30 cm \u00e7\u0131kar\u0131labilir yaka<br \/>\nPantolon beli \u00f6n\u00fc d\u00fcz, arkas\u0131 lastikli<br \/>\nBel sol yandan 18 cm fermuar<br \/>\nPantolon yan cepli<br \/>\n%95 Polyester<br \/>\n%5 Lycra<br \/>\nKrep kuma\u015f<\/p>\n<p>Manken Bilgisi<\/p>\n<p>\u00dczerindeki beden: 1 beden<br \/>\nBoy: 178 cm<br \/>\nKilo: 53 kg<\/p>\n<p>1 Beden \u2013 \u00dcst \u00d6l\u00e7\u00fcleri<\/p>\n<p>Boy: 73 cm<br \/>\nG\u00f6\u011f\u00fcs: 100 cm<br \/>\nOmuz: 36 cm<br \/>\nKol Boyu: 59 cm<\/p>\n<p>1 Beden \u2013 Pantolon \u00d6l\u00e7\u00fcleri<\/p>\n<p>Boy: 101 cm<br \/>\n\u0130\u00e7 Bacak: 69 cm<br \/>\nBel: 78 cm<br \/>\nBasen: 100 cm<\/p>\n<p>2 Beden \u2013 \u00dcst \u00d6l\u00e7\u00fcleri<\/p>\n<p>Boy: 73 cm<br \/>\nG\u00f6\u011f\u00fcs: 110 cm<br \/>\nOmuz: 40 cm<br \/>\nKol Boyu: 59 cm<\/p>\n<p>2 Beden \u2013 Pantolon \u00d6l\u00e7\u00fcleri<\/p>\n<p>Boy: 101 cm<br \/>\n\u0130\u00e7 Bacak: 69 cm<br \/>\nBel: 84 cm<br \/>\nBasen: 110 cm<\/p>\n","protected":false},"excerpt":{"rendered":"<p>\u00d6nden d\u00fc\u011fmeli tasar\u0131m\u0131, piliseli kol detay\u0131 ve \u00e7\u0131kar\u0131labilir yaka aksesuar\u0131yla \u015f\u0131k ve zarif bir g\u00f6r\u00fcn\u00fcm sunan tak\u0131m, ince seyyar ip detay\u0131yla v\u00fccuda uyum sa\u011flar. Pantolonun \u00f6n\u00fc d\u00fcz arkas\u0131 lastikli bel yap\u0131s\u0131 ve sol yandan 18 cm fermuar\u0131 rahat bir kullan\u0131m sunarken yan cepler pratiklik kazand\u0131r\u0131r. Krep kuma\u015f\u0131n ak\u0131c\u0131 ve d\u00fczg\u00fcn duru\u015fu modeli hem g\u00fcnl\u00fck hem [&hellip;]<\/p>\n","protected":false},"featured_media":98337,"comment_status":"open","ping_status":"closed","template":"","meta":[],"product_brand":[],"product_cat":[1900],"product_tag":[6744,7948],"class_list":{"0":"post-98349","1":"product","2":"type-product","3":"status-publish","4":"has-post-thumbnail","6":"product_cat-koordinatlar-setler","7":"product_tag-kadin-modasi","8":"product_tag-krep-kumas","9":"pa_brand-melike-tatar","10":"pa_color-murdum","11":"pa_color-siyah","12":"pa_color-tas","13":"pa_color-zumrut","14":"pa_size-1-36-38","15":"pa_size-2-40-42","17":"first","18":"outofstock","19":"shipping-taxable","20":"product-type-variable"},"_links":{"self":[{"href":"https:\/\/mod.wisdar.net\/tr\/wp-json\/wp\/v2\/product\/98349","targetHints":{"allow":["GET"]}}],"collection":[{"href":"https:\/\/mod.wisdar.net\/tr\/wp-json\/wp\/v2\/product"}],"about":[{"href":"https:\/\/mod.wisdar.net\/tr\/wp-json\/wp\/v2\/types\/product"}],"replies":[{"embeddable":true,"href":"https:\/\/mod.wisdar.net\/tr\/wp-json\/wp\/v2\/comments?post=98349"}],"wp:featuredmedia":[{"embeddable":true,"href":"https:\/\/mod.wisdar.net\/tr\/wp-json\/wp\/v2\/media\/98337"}],"wp:attachment":[{"href":"https:\/\/mod.wisdar.net\/tr\/wp-json\/wp\/v2\/media?parent=98349"}],"wp:term":[{"taxonomy":"product_brand","embeddable":true,"href":"https:\/\/mod.wisdar.net\/tr\/wp-json\/wp\/v2\/product_brand?post=98349"},{"taxonomy":"product_cat","embeddable":true,"href":"https:\/\/mod.wisdar.net\/tr\/wp-json\/wp\/v2\/product_cat?post=98349"},{"taxonomy":"product_tag","embeddable":true,"href":"https:\/\/mod.wisdar.net\/tr\/wp-json\/wp\/v2\/product_tag?post=98349"}],"curies":[{"name":"wp","href":"https:\/\/api.w.org\/{rel}","templated":true}]}}