{"id":98362,"date":"2026-02-14T08:34:04","date_gmt":"2026-02-14T08:34:04","guid":{"rendered":"https:\/\/modesthanim.com\/product\/incili-takim-32-2649\/"},"modified":"2026-04-02T21:31:53","modified_gmt":"2026-04-02T21:31:53","slug":"incili-takim-32-2649","status":"publish","type":"product","link":"https:\/\/mod.wisdar.net\/tr\/urun\/incili-takim-32-2649\/","title":{"rendered":"\u0130ncili Tak\u0131m 32-2649"},"content":{"rendered":"<p>G\u00f6mlek yaka ve \u00f6nden gizli d\u00fc\u011fmeli tasar\u0131m\u0131yla zarif bir g\u00f6r\u00fcn\u00fcm sunan tak\u0131m, \u00f6n ve kol k\u0131s\u0131mlar\u0131ndaki z\u0131mbal\u0131 ta\u015f ve inci detaylar\u0131yla \u015f\u0131kl\u0131\u011f\u0131n\u0131 \u00f6ne \u00e7\u0131kar\u0131r. Seyyar ku\u015fa\u011f\u0131 v\u00fccuda uyum sa\u011flarken pantolonun lastikli beli ve yan cepleri g\u00fcnl\u00fck kullan\u0131mda konfor sunar. \u00d6zel ta\u015f ve inci detaylar\u0131 nedeniyle kuru temizleme \u00f6nerilir.<\/p>\n<p>\u00dcr\u00fcn \u00d6zellikleri<\/p>\n<p>G\u00f6mlek yaka<br \/>\n\u00d6nden gizli d\u00fc\u011fmeli<br \/>\n\u00d6n ve kollarda ta\u015f ve inci detayl\u0131<br \/>\nTa\u015f ve inciler z\u0131mbal\u0131d\u0131r<br \/>\nYan cepli<br \/>\nSeyyar ku\u015fak<br \/>\nPantolon beli lastikli<br \/>\nPantolon yan cepli<br \/>\n%95 Polyester<br \/>\n%5 Lycra<br \/>\nKuru temizleme \u00f6nerilir<\/p>\n<p>Manken Bilgisi<\/p>\n<p>\u00dczerindeki beden: 1 beden<br \/>\nBoy: 178 cm<br \/>\nKilo: 53 kg<\/p>\n<p>1 Beden \u2013 \u00dcst \u00d6l\u00e7\u00fcleri<\/p>\n<p>Boy: 76 cm<br \/>\nG\u00f6\u011f\u00fcs: 100 cm<br \/>\nOmuz: 45 cm<br \/>\nKol Boyu: 59 cm<\/p>\n<p>1 Beden \u2013 Pantolon \u00d6l\u00e7\u00fcleri<\/p>\n<p>Boy: 103 cm<br \/>\n\u0130\u00e7 Bacak: 72 cm<br \/>\nBel: 68 cm<br \/>\nBasen: 100 cm<\/p>\n<p>2 Beden \u2013 \u00dcst \u00d6l\u00e7\u00fcleri<\/p>\n<p>Boy: 76 cm<br \/>\nG\u00f6\u011f\u00fcs: 110 cm<br \/>\nOmuz: 48 cm<br \/>\nKol Boyu: 59 cm<\/p>\n<p>2 Beden \u2013 Pantolon \u00d6l\u00e7\u00fcleri<\/p>\n<p>Boy: 103 cm<br \/>\n\u0130\u00e7 Bacak: 72 cm<br \/>\nBel: 70 cm<br \/>\nBasen: 110 cm<\/p>\n","protected":false},"excerpt":{"rendered":"<p>G\u00f6mlek yaka ve \u00f6nden gizli d\u00fc\u011fmeli tasar\u0131m\u0131yla zarif bir g\u00f6r\u00fcn\u00fcm sunan tak\u0131m, \u00f6n ve kol k\u0131s\u0131mlar\u0131ndaki z\u0131mbal\u0131 ta\u015f ve inci detaylar\u0131yla \u015f\u0131kl\u0131\u011f\u0131n\u0131 \u00f6ne \u00e7\u0131kar\u0131r. Seyyar ku\u015fa\u011f\u0131 v\u00fccuda uyum sa\u011flarken pantolonun lastikli beli ve yan cepleri g\u00fcnl\u00fck kullan\u0131mda konfor sunar. \u00d6zel ta\u015f ve inci detaylar\u0131 nedeniyle kuru temizleme \u00f6nerilir. \u00dcr\u00fcn \u00d6zellikleri G\u00f6mlek yaka \u00d6nden gizli d\u00fc\u011fmeli [&hellip;]<\/p>\n","protected":false},"featured_media":98342,"comment_status":"open","ping_status":"closed","template":"","meta":[],"product_brand":[],"product_cat":[1900],"product_tag":[6744,7959],"class_list":{"0":"post-98362","1":"product","2":"type-product","3":"status-publish","4":"has-post-thumbnail","6":"product_cat-koordinatlar-setler","7":"product_tag-kadin-modasi","8":"product_tag-resmi-giyim","9":"pa_brand-melike-tatar","10":"pa_color-bordo","11":"pa_color-kahverengi","12":"pa_color-lacivert","13":"pa_color-siyah","14":"pa_size-1-36-38","15":"pa_size-2-40-42","17":"first","18":"outofstock","19":"sale","20":"shipping-taxable","21":"purchasable","22":"product-type-variable"},"_links":{"self":[{"href":"https:\/\/mod.wisdar.net\/tr\/wp-json\/wp\/v2\/product\/98362","targetHints":{"allow":["GET"]}}],"collection":[{"href":"https:\/\/mod.wisdar.net\/tr\/wp-json\/wp\/v2\/product"}],"about":[{"href":"https:\/\/mod.wisdar.net\/tr\/wp-json\/wp\/v2\/types\/product"}],"replies":[{"embeddable":true,"href":"https:\/\/mod.wisdar.net\/tr\/wp-json\/wp\/v2\/comments?post=98362"}],"wp:featuredmedia":[{"embeddable":true,"href":"https:\/\/mod.wisdar.net\/tr\/wp-json\/wp\/v2\/media\/98342"}],"wp:attachment":[{"href":"https:\/\/mod.wisdar.net\/tr\/wp-json\/wp\/v2\/media?parent=98362"}],"wp:term":[{"taxonomy":"product_brand","embeddable":true,"href":"https:\/\/mod.wisdar.net\/tr\/wp-json\/wp\/v2\/product_brand?post=98362"},{"taxonomy":"product_cat","embeddable":true,"href":"https:\/\/mod.wisdar.net\/tr\/wp-json\/wp\/v2\/product_cat?post=98362"},{"taxonomy":"product_tag","embeddable":true,"href":"https:\/\/mod.wisdar.net\/tr\/wp-json\/wp\/v2\/product_tag?post=98362"}],"curies":[{"name":"wp","href":"https:\/\/api.w.org\/{rel}","templated":true}]}}