{"id":98463,"date":"2026-02-14T08:36:41","date_gmt":"2026-02-14T08:36:41","guid":{"rendered":"https:\/\/modesthanim.com\/product\/sal-detayli-ceketli-takim-32-2645\/"},"modified":"2026-04-15T22:34:11","modified_gmt":"2026-04-15T22:34:11","slug":"sal-detayli-ceketli-takim-32-2645","status":"publish","type":"product","link":"https:\/\/mod.wisdar.net\/tr\/urun\/sal-detayli-ceketli-takim-32-2645\/","title":{"rendered":"\u015eal Detayl\u0131 Ceketli Tak\u0131m 32-2645"},"content":{"rendered":"<p>\u00d6nden d\u00fc\u011fmeli tasar\u0131m\u0131, vatkal\u0131 omuz yap\u0131s\u0131 ve \u00f6n cep detay\u0131yla g\u00fc\u00e7l\u00fc ve \u015f\u0131k bir g\u00f6r\u00fcn\u00fcm sunan tak\u0131m; seyyar kemer ve \u015fal aksesuar\u0131yla tamamlan\u0131r. Astarl\u0131 \u00fcst formu ile pantolonun \u00f6n\u00fc d\u00fcz, arkas\u0131 lastikli bel yap\u0131s\u0131 g\u00fcn boyu konfor sa\u011flar. Adriana krep kuma\u015f\u0131n zarif duru\u015fu ve saten \u015fal detay\u0131 modele \u00f6zel bir \u015f\u0131kl\u0131k kazand\u0131r\u0131r.<\/p>\n<p>\u00dcr\u00fcn \u00d6zellikleri<\/p>\n<p>* \u00d6nden d\u00fc\u011fmeli<br \/>\n* \u00d6n\u00fcnde cep detay\u0131<br \/>\n* Omuz vatkal\u0131<br \/>\n* Seyyar kemer ve \u015fal mevcuttur<br \/>\n* Astarl\u0131<br \/>\n* Pantolon beli \u00f6n\u00fc d\u00fcz, arkas\u0131 lastikli<br \/>\n* Pantolon yan cepli<br \/>\n* %95 Polyester<br \/>\n* %5 Lycra<br \/>\n* Adriana krep kuma\u015f<br \/>\n* \u015eal saten kuma\u015ft\u0131r<\/p>\n<p>Manken Bilgisi<\/p>\n<p>* \u00dczerindeki beden: 1 beden<br \/>\n* Boy: 178 cm<br \/>\n* Kilo: 53 kg<\/p>\n<p>1 Beden \u2013 \u00dcst \u00d6l\u00e7\u00fcleri<\/p>\n<p>* Boy: 75 cm<br \/>\n* G\u00f6\u011f\u00fcs: 90 cm<br \/>\n* Omuz: 35 cm<br \/>\n* Kol Boyu: 59 cm<\/p>\n<p>1 Beden \u2013 Pantolon \u00d6l\u00e7\u00fcleri<\/p>\n<p>* Boy: 114 cm<br \/>\n* \u0130\u00e7 Bacak: 83 cm<br \/>\n* Bel: 66 cm<br \/>\n* Basen: 100 cm<\/p>\n<p>2 Beden \u2013 \u00dcst \u00d6l\u00e7\u00fcleri<\/p>\n<p>* Boy: 75 cm<br \/>\n* G\u00f6\u011f\u00fcs: 100 cm<br \/>\n* Omuz: 39 cm<br \/>\n* Kol Boyu: 59 cm<\/p>\n<p>2 Beden \u2013 Pantolon \u00d6l\u00e7\u00fcleri<\/p>\n<p>* Boy: 114 cm<br \/>\n* \u0130\u00e7 Bacak: 83 cm<br \/>\n* Bel: 72 cm<br \/>\n* Basen: 110 cm<\/p>\n<p>\u2014 Technical Details \u2014<br \/>\nmaterial: Adriana krep kuma\u015f, \u015fal saten kuma\u015f<br \/>\nfeatures: [&#8216;\u00d6nden d\u00fc\u011fmeli&#8217;, &#8216;\u00d6n cep detay\u0131&#8217;, &#8216;Omuz vatkal\u0131&#8217;, &#8216;Seyyar kemer ve \u015fal&#8217;, &#8216;Astarl\u0131&#8217;, &#8216;Pantolon beli \u00f6n\u00fc d\u00fcz arkas\u0131 lastikli&#8217;, &#8216;Pantolon yan cepli&#8217;]<br \/>\nmeasurements_1: {&#8216;size&#8217;: &#8216;1 (36-38)&#8217;, &#8216;top&#8217;: {&#8216;length&#8217;: &#8217;75 cm&#8217;, &#8216;chest&#8217;: &#8217;90 cm&#8217;, &#8216;shoulder&#8217;: &#8217;35 cm&#8217;, &#8216;sleeve&#8217;: &#8217;59 cm&#8217;}, &#8216;pants&#8217;: {&#8216;length&#8217;: &#8216;114 cm&#8217;, &#8216;inseam&#8217;: &#8217;83 cm&#8217;, &#8216;waist&#8217;: &#8217;66 cm&#8217;, &#8216;hips&#8217;: &#8216;100 cm&#8217;}}<br \/>\nmeasurements_2: {&#8216;size&#8217;: &#8216;2 (40-42)&#8217;, &#8216;top&#8217;: {&#8216;length&#8217;: &#8217;75 cm&#8217;, &#8216;chest&#8217;: &#8216;100 cm&#8217;, &#8216;shoulder&#8217;: &#8217;39 cm&#8217;, &#8216;sleeve&#8217;: &#8217;59 cm&#8217;}, &#8216;pants&#8217;: {&#8216;length&#8217;: &#8216;114 cm&#8217;, &#8216;inseam&#8217;: &#8217;83 cm&#8217;, &#8216;waist&#8217;: &#8217;72 cm&#8217;, &#8216;hips&#8217;: &#8216;110 cm&#8217;}}<br \/>\nmodel_info: {&#8216;wearing_size&#8217;: &#8216;1&#8217;, &#8216;height&#8217;: &#8216;178 cm&#8217;, &#8216;weight&#8217;: &#8217;53 kg&#8217;}<\/p>\n","protected":false},"excerpt":{"rendered":"<p>\u00d6nden d\u00fc\u011fmeli tasar\u0131m\u0131, vatkal\u0131 omuz yap\u0131s\u0131 ve \u00f6n cep detay\u0131yla g\u00fc\u00e7l\u00fc ve \u015f\u0131k bir g\u00f6r\u00fcn\u00fcm sunan tak\u0131m; seyyar kemer ve \u015fal aksesuar\u0131yla tamamlan\u0131r. Astarl\u0131 \u00fcst formu ile pantolonun \u00f6n\u00fc d\u00fcz, arkas\u0131 lastikli bel yap\u0131s\u0131 g\u00fcn boyu konfor sa\u011flar. Adriana krep kuma\u015f\u0131n zarif duru\u015fu ve saten \u015fal detay\u0131 modele \u00f6zel bir \u015f\u0131kl\u0131k kazand\u0131r\u0131r. \u00dcr\u00fcn \u00d6zellikleri * [&hellip;]<\/p>\n","protected":false},"featured_media":98446,"comment_status":"open","ping_status":"closed","template":"","meta":[],"product_brand":[],"product_cat":[1900],"product_tag":[8658,8665,8662,8664,4384,5291,8660,8657],"class_list":{"0":"post-98463","1":"product","2":"type-product","3":"status-publish","4":"has-post-thumbnail","6":"product_cat-koordinatlar-setler","7":"product_tag-adriana-crepe-fabric","8":"product_tag-button-front-jacket","9":"product_tag-elegant-womens-suit","10":"product_tag-formal-set","11":"product_tag-padded-shoulders","12":"product_tag-removable-belt","13":"product_tag-satin-scarf","14":"product_tag-scarf-detailed-jacket-set","15":"pa_brand-melike-tatar","16":"pa_color-ekru","17":"pa_color-kahverengi","18":"pa_color-siyah","19":"pa_size-1-36-38","20":"pa_size-2-40-42","22":"first","23":"outofstock","24":"sale","25":"shipping-taxable","26":"purchasable","27":"product-type-variable"},"_links":{"self":[{"href":"https:\/\/mod.wisdar.net\/tr\/wp-json\/wp\/v2\/product\/98463","targetHints":{"allow":["GET"]}}],"collection":[{"href":"https:\/\/mod.wisdar.net\/tr\/wp-json\/wp\/v2\/product"}],"about":[{"href":"https:\/\/mod.wisdar.net\/tr\/wp-json\/wp\/v2\/types\/product"}],"replies":[{"embeddable":true,"href":"https:\/\/mod.wisdar.net\/tr\/wp-json\/wp\/v2\/comments?post=98463"}],"wp:featuredmedia":[{"embeddable":true,"href":"https:\/\/mod.wisdar.net\/tr\/wp-json\/wp\/v2\/media\/98446"}],"wp:attachment":[{"href":"https:\/\/mod.wisdar.net\/tr\/wp-json\/wp\/v2\/media?parent=98463"}],"wp:term":[{"taxonomy":"product_brand","embeddable":true,"href":"https:\/\/mod.wisdar.net\/tr\/wp-json\/wp\/v2\/product_brand?post=98463"},{"taxonomy":"product_cat","embeddable":true,"href":"https:\/\/mod.wisdar.net\/tr\/wp-json\/wp\/v2\/product_cat?post=98463"},{"taxonomy":"product_tag","embeddable":true,"href":"https:\/\/mod.wisdar.net\/tr\/wp-json\/wp\/v2\/product_tag?post=98463"}],"curies":[{"name":"wp","href":"https:\/\/api.w.org\/{rel}","templated":true}]}}