{"id":98473,"date":"2026-02-14T08:36:51","date_gmt":"2026-02-14T08:36:51","guid":{"rendered":"https:\/\/modesthanim.com\/product\/desenli-takim-32-2681\/"},"modified":"2026-04-02T21:20:41","modified_gmt":"2026-04-02T21:20:41","slug":"desenli-takim-32-2681","status":"publish","type":"product","link":"https:\/\/mod.wisdar.net\/tr\/urun\/desenli-takim-32-2681\/","title":{"rendered":"Desenli Tak\u0131m 32-2681"},"content":{"rendered":"<p>Yakas\u0131ndaki ba\u011flanabilir kuma\u015f detay\u0131yla zarif bir g\u00f6r\u00fcn\u00fcm sunan tak\u0131m, yanlardan 23 cm y\u0131rtma\u00e7l\u0131 etek ucu sayesinde hareket \u00f6zg\u00fcrl\u00fc\u011f\u00fc sa\u011flar. Pantolonun \u00f6n\u00fc d\u00fcz, arkas\u0131 lastikli bel yap\u0131s\u0131 ve sol yandan 18 cm fermuar detay\u0131 konforlu bir kullan\u0131m sunarken yan cepler pratiklik kazand\u0131r\u0131r. Bask\u0131l\u0131 krep kuma\u015f\u0131n ak\u0131c\u0131 duru\u015fu modeli g\u00fcnl\u00fck ve \u015f\u0131k kombinler i\u00e7in ideal hale getirir.<\/p>\n<p>\u00dcr\u00fcn \u00d6zellikleri<\/p>\n<p>Yakada ba\u011flanabilir kuma\u015f detay\u0131<br \/>\nEtek ucu yanlardan 23 cm y\u0131rtma\u00e7l\u0131<br \/>\nPantolon beli \u00f6n\u00fc d\u00fcz, arkas\u0131 lastikli<br \/>\nBel sol yandan 18 cm fermuarl\u0131<br \/>\nPantolon yan cepli<br \/>\n%95 Polyester<br \/>\n%5 Lycra<br \/>\nBask\u0131l\u0131 krep kuma\u015f<\/p>\n<p>Manken Bilgisi<\/p>\n<p>\u00dczerindeki beden: 1 beden<br \/>\nBoy: 178 cm<br \/>\nKilo: 53 kg<\/p>\n<p>1 Beden \u2013 \u00dcst \u00d6l\u00e7\u00fcleri<\/p>\n<p>Boy: 70 cm<br \/>\nG\u00f6\u011f\u00fcs: 110 cm<br \/>\nOmuz: 45 cm<br \/>\nKol Boyu: 58 cm<\/p>\n<p>1 Beden \u2013 Pantolon \u00d6l\u00e7\u00fcleri<\/p>\n<p>Boy: 112 cm<br \/>\n\u0130\u00e7 Bacak: 75 cm<br \/>\nBel: 66 cm<br \/>\nBasen: 100 cm<\/p>\n<p>2 Beden \u2013 \u00dcst \u00d6l\u00e7\u00fcleri<\/p>\n<p>Boy: 70 cm<br \/>\nG\u00f6\u011f\u00fcs: 120 cm<br \/>\nOmuz: 48 cm<br \/>\nKol Boyu: 58 cm<\/p>\n<p>2 Beden \u2013 Pantolon \u00d6l\u00e7\u00fcleri<\/p>\n<p>Boy: 112 cm<br \/>\n\u0130\u00e7 Bacak: 75 cm<br \/>\nBel: 70 cm<br \/>\nBasen: 110 cm<\/p>\n","protected":false},"excerpt":{"rendered":"<p>Yakas\u0131ndaki ba\u011flanabilir kuma\u015f detay\u0131yla zarif bir g\u00f6r\u00fcn\u00fcm sunan tak\u0131m, yanlardan 23 cm y\u0131rtma\u00e7l\u0131 etek ucu sayesinde hareket \u00f6zg\u00fcrl\u00fc\u011f\u00fc sa\u011flar. Pantolonun \u00f6n\u00fc d\u00fcz, arkas\u0131 lastikli bel yap\u0131s\u0131 ve sol yandan 18 cm fermuar detay\u0131 konforlu bir kullan\u0131m sunarken yan cepler pratiklik kazand\u0131r\u0131r. Bask\u0131l\u0131 krep kuma\u015f\u0131n ak\u0131c\u0131 duru\u015fu modeli g\u00fcnl\u00fck ve \u015f\u0131k kombinler i\u00e7in ideal hale getirir. [&hellip;]<\/p>\n","protected":false},"featured_media":98448,"comment_status":"open","ping_status":"closed","template":"","meta":[],"product_brand":[],"product_cat":[1900],"product_tag":[7354,6744,7948,6765,8102],"class_list":{"0":"post-98473","1":"product","2":"type-product","3":"status-publish","4":"has-post-thumbnail","6":"product_cat-koordinatlar-setler","7":"product_tag-gunluk-giyim-2","8":"product_tag-kadin-modasi","9":"product_tag-krep-kumas","10":"product_tag-lastikli-bel","11":"product_tag-yan-cepler","12":"pa_brand-melike-tatar","13":"pa_color-yavruagzi","14":"pa_size-1-36-38","15":"pa_size-2-40-42","17":"first","18":"outofstock","19":"sale","20":"shipping-taxable","21":"purchasable","22":"product-type-variable"},"_links":{"self":[{"href":"https:\/\/mod.wisdar.net\/tr\/wp-json\/wp\/v2\/product\/98473","targetHints":{"allow":["GET"]}}],"collection":[{"href":"https:\/\/mod.wisdar.net\/tr\/wp-json\/wp\/v2\/product"}],"about":[{"href":"https:\/\/mod.wisdar.net\/tr\/wp-json\/wp\/v2\/types\/product"}],"replies":[{"embeddable":true,"href":"https:\/\/mod.wisdar.net\/tr\/wp-json\/wp\/v2\/comments?post=98473"}],"wp:featuredmedia":[{"embeddable":true,"href":"https:\/\/mod.wisdar.net\/tr\/wp-json\/wp\/v2\/media\/98448"}],"wp:attachment":[{"href":"https:\/\/mod.wisdar.net\/tr\/wp-json\/wp\/v2\/media?parent=98473"}],"wp:term":[{"taxonomy":"product_brand","embeddable":true,"href":"https:\/\/mod.wisdar.net\/tr\/wp-json\/wp\/v2\/product_brand?post=98473"},{"taxonomy":"product_cat","embeddable":true,"href":"https:\/\/mod.wisdar.net\/tr\/wp-json\/wp\/v2\/product_cat?post=98473"},{"taxonomy":"product_tag","embeddable":true,"href":"https:\/\/mod.wisdar.net\/tr\/wp-json\/wp\/v2\/product_tag?post=98473"}],"curies":[{"name":"wp","href":"https:\/\/api.w.org\/{rel}","templated":true}]}}