{"id":98533,"date":"2026-02-14T08:39:10","date_gmt":"2026-02-14T08:39:10","guid":{"rendered":"https:\/\/modesthanim.com\/product\/yelek-ceket-uclu-takim-32-2664\/"},"modified":"2026-04-02T21:21:08","modified_gmt":"2026-04-02T21:21:08","slug":"yelek-ceket-uclu-takim-32-2664","status":"publish","type":"product","link":"https:\/\/mod.wisdar.net\/tr\/urun\/yelek-ceket-uclu-takim-32-2664\/","title":{"rendered":"Yelek Ceket \u00dc\u00e7l\u00fc Tak\u0131m 32-2664"},"content":{"rendered":"<p>\u00d6nden tek d\u00fc\u011fmeli ve yandan ba\u011flamal\u0131 ip detay\u0131 bulunan, vatkal\u0131 omuz yap\u0131s\u0131na sahip ceket; bisiklet yaka ve \u00f6nden d\u00fc\u011fmeli, s\u0131f\u0131r kollu yelek ile birlikte \u015f\u0131k bir tak\u0131m g\u00f6r\u00fcn\u00fcm\u00fc sunar. Asimetrik etek u\u00e7lu, astarl\u0131 yelek formu tasar\u0131ma modern bir hava katarken, pantolonun \u00f6n\u00fc d\u00fcz arkas\u0131 lastikli bel yap\u0131s\u0131 ve yan cepleri g\u00fcn boyu konfor sa\u011flar. Krep kuma\u015f\u0131n ak\u0131c\u0131 duru\u015fu modeli hem g\u00fcnl\u00fck hem \u015f\u0131k kombinler i\u00e7in ideal hale getirir.<\/p>\n<p>\u00dcr\u00fcn \u00d6zellikleri<\/p>\n<p>\u2013 \u00d6nden tek d\u00fc\u011fmeli ceket<br \/>\n\u2013 Yandan ba\u011flamal\u0131 ip detay\u0131<br \/>\n\u2013 Omuz vatkal\u0131<br \/>\n\u2013 Astarl\u0131 ceket<br \/>\n\u2013 Yelek bisiklet yakal\u0131<br \/>\n\u2013 Yelek \u00f6nden d\u00fc\u011fmeli<br \/>\n\u2013 Yelek astarl\u0131<br \/>\n\u2013 Yelek etek ucu asimetrik kesim<br \/>\n\u2013 Yelek s\u0131f\u0131r kollu<br \/>\n\u2013 Pantolon beli \u00f6n\u00fc d\u00fcz, arkas\u0131 lastikli<br \/>\n\u2013 Pantolon yan cepli<br \/>\n\u2013 %95 Polyester<br \/>\n\u2013 %5 Lycra<br \/>\n\u2013 Krep kuma\u015f<\/p>\n<p>Manken Bilgisi<\/p>\n<p>\u2013 \u00dczerindeki beden: 1 beden<br \/>\n\u2013 Boy: 178 cm<br \/>\n\u2013 Kilo: 53 kg<\/p>\n<p>1 Beden \u2013 \u00dcst (Ceket) \u00d6l\u00e7\u00fcleri<\/p>\n<p>\u2013 Boy: 76 cm<br \/>\n\u2013 G\u00f6\u011f\u00fcs: 100 cm<br \/>\n\u2013 Omuz: 44 cm<br \/>\n\u2013 Kol Boyu: 62 cm<\/p>\n<p>1 Beden \u2013 Yelek \u00d6l\u00e7\u00fcleri<\/p>\n<p>\u2013 Boy: 60 cm<br \/>\n\u2013 G\u00f6\u011f\u00fcs: 90 cm<br \/>\n\u2013 Omuz: 38 cm<\/p>\n<p>1 Beden \u2013 Pantolon \u00d6l\u00e7\u00fcleri<\/p>\n<p>\u2013 Boy: 112 cm<br \/>\n\u2013 \u0130\u00e7 Bacak: 82 cm<br \/>\n\u2013 Bel: 66 cm<br \/>\n\u2013 Basen: 100 cm<\/p>\n<p>2 Beden \u2013 \u00dcst (Ceket) \u00d6l\u00e7\u00fcleri<\/p>\n<p>\u2013 Boy: 76 cm<br \/>\n\u2013 G\u00f6\u011f\u00fcs: 110 cm<br \/>\n\u2013 Omuz: 47 cm<br \/>\n\u2013 Kol Boyu: 62 cm<\/p>\n<p>2 Beden \u2013 Yelek \u00d6l\u00e7\u00fcleri<\/p>\n<p>\u2013 Boy: 60 cm<br \/>\n\u2013 G\u00f6\u011f\u00fcs: 100 cm<br \/>\n\u2013 Omuz: 40 cm<\/p>\n<p>2 Beden \u2013 Pantolon \u00d6l\u00e7\u00fcleri<\/p>\n<p>\u2013 Boy: 112 cm<br \/>\n\u2013 \u0130\u00e7 Bacak: 82 cm<br \/>\n\u2013 Bel: 70 cm<br \/>\n\u2013 Basen: 110 cm<\/p>\n","protected":false},"excerpt":{"rendered":"<p>\u00d6nden tek d\u00fc\u011fmeli ve yandan ba\u011flamal\u0131 ip detay\u0131 bulunan, vatkal\u0131 omuz yap\u0131s\u0131na sahip ceket; bisiklet yaka ve \u00f6nden d\u00fc\u011fmeli, s\u0131f\u0131r kollu yelek ile birlikte \u015f\u0131k bir tak\u0131m g\u00f6r\u00fcn\u00fcm\u00fc sunar. Asimetrik etek u\u00e7lu, astarl\u0131 yelek formu tasar\u0131ma modern bir hava katarken, pantolonun \u00f6n\u00fc d\u00fcz arkas\u0131 lastikli bel yap\u0131s\u0131 ve yan cepleri g\u00fcn boyu konfor sa\u011flar. Krep [&hellip;]<\/p>\n","protected":false},"featured_media":98524,"comment_status":"open","ping_status":"closed","template":"","meta":[],"product_brand":[],"product_cat":[1900],"product_tag":[6908,7948,6826,6754],"class_list":{"0":"post-98533","1":"product","2":"type-product","3":"status-publish","4":"has-post-thumbnail","6":"product_cat-koordinatlar-setler","7":"product_tag-kadin-takim","8":"product_tag-krep-kumas","9":"product_tag-modern-moda","10":"product_tag-ofis-kiyafeti","11":"pa_brand-melike-tatar","12":"pa_color-siyah","13":"pa_size-1-36-38","14":"pa_size-2-40-42","16":"first","17":"outofstock","18":"sale","19":"shipping-taxable","20":"purchasable","21":"product-type-variable"},"_links":{"self":[{"href":"https:\/\/mod.wisdar.net\/tr\/wp-json\/wp\/v2\/product\/98533","targetHints":{"allow":["GET"]}}],"collection":[{"href":"https:\/\/mod.wisdar.net\/tr\/wp-json\/wp\/v2\/product"}],"about":[{"href":"https:\/\/mod.wisdar.net\/tr\/wp-json\/wp\/v2\/types\/product"}],"replies":[{"embeddable":true,"href":"https:\/\/mod.wisdar.net\/tr\/wp-json\/wp\/v2\/comments?post=98533"}],"wp:featuredmedia":[{"embeddable":true,"href":"https:\/\/mod.wisdar.net\/tr\/wp-json\/wp\/v2\/media\/98524"}],"wp:attachment":[{"href":"https:\/\/mod.wisdar.net\/tr\/wp-json\/wp\/v2\/media?parent=98533"}],"wp:term":[{"taxonomy":"product_brand","embeddable":true,"href":"https:\/\/mod.wisdar.net\/tr\/wp-json\/wp\/v2\/product_brand?post=98533"},{"taxonomy":"product_cat","embeddable":true,"href":"https:\/\/mod.wisdar.net\/tr\/wp-json\/wp\/v2\/product_cat?post=98533"},{"taxonomy":"product_tag","embeddable":true,"href":"https:\/\/mod.wisdar.net\/tr\/wp-json\/wp\/v2\/product_tag?post=98533"}],"curies":[{"name":"wp","href":"https:\/\/api.w.org\/{rel}","templated":true}]}}