{"id":98570,"date":"2026-02-14T08:39:57","date_gmt":"2026-02-14T08:39:57","guid":{"rendered":"https:\/\/modesthanim.com\/product\/sifon-tunikli-takim-32-2636\/"},"modified":"2026-04-02T21:21:31","modified_gmt":"2026-04-02T21:21:31","slug":"sifon-tunikli-takim-32-2636","status":"publish","type":"product","link":"https:\/\/mod.wisdar.net\/tr\/urun\/sifon-tunikli-takim-32-2636\/","title":{"rendered":"\u015eifon Tunikli Tak\u0131m 32-2636"},"content":{"rendered":"<p>Bisiklet yaka \u015fifon tunik ve i\u00e7indeki seyyar denye badi ile birlikte sunulan tak\u0131m, hafif ve katmanl\u0131 yap\u0131s\u0131yla zarif bir g\u00f6r\u00fcn\u00fcm olu\u015fturur. \u015eifon tuni\u011fin kol ucu dikili formu ve pantolonun \u00f6n\u00fc d\u00fcz, arkas\u0131 lastikli bel yap\u0131s\u0131 ile yan cepleri g\u00fcnl\u00fck kullan\u0131mda konfor sa\u011flar. \u015eifon, denye ve krep kuma\u015f kombinasyonu modeli hem \u015f\u0131k hem rahat bir forma kavu\u015fturur.<\/p>\n<p>\u00dcr\u00fcn \u00d6zellikleri<\/p>\n<p>\u015eifon tunik, i\u00e7inde seyyar denye kuma\u015f badi mevcuttur<br \/>\n\u015eifon tunik bisiklet yakad\u0131r<br \/>\nBadi bisiklet yakad\u0131r<br \/>\n\u015eifon tunik kol ucu dikilidir<br \/>\nPantolon beli \u00f6n\u00fc d\u00fcz, arkas\u0131 lastiklidir<br \/>\nPantolon yan ceplidir<br \/>\n%95 Polyester<br \/>\n%5 Lycra<br \/>\nTunik \u015fifon kuma\u015f<br \/>\n\u0130\u00e7indeki seyyar badi denye kuma\u015ft\u0131r<br \/>\nPantolon krep kuma\u015ft\u0131r<\/p>\n<p>Manken Bilgisi<\/p>\n<p>\u00dczerindeki beden: 1 beden<br \/>\nBoy: 178 cm<br \/>\nKilo: 53 kg<\/p>\n<p>1 Beden \u00d6l\u00e7\u00fcleri<\/p>\n<p>\u015eifon Tunik<\/p>\n<p>Boy: 65 cm<\/p>\n<p>Badi<\/p>\n<p>Boy: 60 cm<br \/>\nG\u00f6\u011f\u00fcs: 100 cm<br \/>\nOmuz: 40 cm<br \/>\nKol Boyu: 60 cm<\/p>\n<p>Pantolon<\/p>\n<p>Boy: 110 cm<br \/>\n\u0130\u00e7 Bacak: 77 cm<br \/>\nBel: 66 cm<br \/>\nBasen: 100 cm<\/p>\n<p>2 Beden \u00d6l\u00e7\u00fcleri<\/p>\n<p>\u015eifon Tunik<\/p>\n<p>Boy: 65 cm<\/p>\n<p>Badi<\/p>\n<p>Boy: 60 cm<br \/>\nG\u00f6\u011f\u00fcs: 110 cm<br \/>\nOmuz: 44 cm<br \/>\nKol Boyu: 60 cm<\/p>\n<p>Pantolon<\/p>\n<p>Boy: 110 cm<br \/>\n\u0130\u00e7 Bacak: 77 cm<br \/>\nBel: 74 cm<br \/>\nBasen: 110 cm<\/p>\n","protected":false},"excerpt":{"rendered":"<p>Bisiklet yaka \u015fifon tunik ve i\u00e7indeki seyyar denye badi ile birlikte sunulan tak\u0131m, hafif ve katmanl\u0131 yap\u0131s\u0131yla zarif bir g\u00f6r\u00fcn\u00fcm olu\u015fturur. \u015eifon tuni\u011fin kol ucu dikili formu ve pantolonun \u00f6n\u00fc d\u00fcz, arkas\u0131 lastikli bel yap\u0131s\u0131 ile yan cepleri g\u00fcnl\u00fck kullan\u0131mda konfor sa\u011flar. \u015eifon, denye ve krep kuma\u015f kombinasyonu modeli hem \u015f\u0131k hem rahat bir forma [&hellip;]<\/p>\n","protected":false},"featured_media":98561,"comment_status":"open","ping_status":"closed","template":"","meta":[],"product_brand":[],"product_cat":[1900],"product_tag":[7354,6744,6906],"class_list":{"0":"post-98570","1":"product","2":"type-product","3":"status-publish","4":"has-post-thumbnail","6":"product_cat-koordinatlar-setler","7":"product_tag-gunluk-giyim-2","8":"product_tag-kadin-modasi","9":"product_tag-zarif-moda","10":"pa_brand-melike-tatar","11":"pa_color-siyah","12":"pa_size-1-36-38","13":"pa_size-2-40-42","15":"first","16":"outofstock","17":"sale","18":"shipping-taxable","19":"purchasable","20":"product-type-variable"},"_links":{"self":[{"href":"https:\/\/mod.wisdar.net\/tr\/wp-json\/wp\/v2\/product\/98570","targetHints":{"allow":["GET"]}}],"collection":[{"href":"https:\/\/mod.wisdar.net\/tr\/wp-json\/wp\/v2\/product"}],"about":[{"href":"https:\/\/mod.wisdar.net\/tr\/wp-json\/wp\/v2\/types\/product"}],"replies":[{"embeddable":true,"href":"https:\/\/mod.wisdar.net\/tr\/wp-json\/wp\/v2\/comments?post=98570"}],"wp:featuredmedia":[{"embeddable":true,"href":"https:\/\/mod.wisdar.net\/tr\/wp-json\/wp\/v2\/media\/98561"}],"wp:attachment":[{"href":"https:\/\/mod.wisdar.net\/tr\/wp-json\/wp\/v2\/media?parent=98570"}],"wp:term":[{"taxonomy":"product_brand","embeddable":true,"href":"https:\/\/mod.wisdar.net\/tr\/wp-json\/wp\/v2\/product_brand?post=98570"},{"taxonomy":"product_cat","embeddable":true,"href":"https:\/\/mod.wisdar.net\/tr\/wp-json\/wp\/v2\/product_cat?post=98570"},{"taxonomy":"product_tag","embeddable":true,"href":"https:\/\/mod.wisdar.net\/tr\/wp-json\/wp\/v2\/product_tag?post=98570"}],"curies":[{"name":"wp","href":"https:\/\/api.w.org\/{rel}","templated":true}]}}