{"id":98622,"date":"2026-02-14T08:40:40","date_gmt":"2026-02-14T08:40:40","guid":{"rendered":"https:\/\/modesthanim.com\/product\/baglamali-ceketli-takim-32-2656\/"},"modified":"2026-04-02T21:21:47","modified_gmt":"2026-04-02T21:21:47","slug":"baglamali-ceketli-takim-32-2656","status":"publish","type":"product","link":"https:\/\/mod.wisdar.net\/tr\/urun\/baglamali-ceketli-takim-32-2656\/","title":{"rendered":"Ba\u011flamal\u0131 Ceketli Tak\u0131m 32-2656"},"content":{"rendered":"<p>\u00d6nden ba\u011flamal\u0131 tasar\u0131m\u0131 ve vatkal\u0131 omuz yap\u0131s\u0131yla \u015f\u0131k ve g\u00fc\u00e7l\u00fc bir duru\u015f sunan tak\u0131m, astarl\u0131 formu sayesinde konforlu bir kullan\u0131m sa\u011flar. Pantolonun \u00f6n\u00fc d\u00fcz arkas\u0131 lastikli bel yap\u0131s\u0131, sol yandan 18 cm fermuar detay\u0131 ve yan cepleri g\u00fcnl\u00fck kullan\u0131mda rahatl\u0131k sunar. Double krep kuma\u015f\u0131n tok ve ak\u0131c\u0131 duru\u015fu modele zarif bir siluet kazand\u0131r\u0131r.<\/p>\n<p>\u00dcr\u00fcn \u00d6zellikleri<\/p>\n<p>\u00d6nden ba\u011flamal\u0131<br \/>\nOmuz vatkal\u0131<br \/>\nAstarl\u0131<br \/>\nPantolon beli \u00f6n\u00fc d\u00fcz, arkas\u0131 lastikli<br \/>\nPantolon sol yandan 18 cm fermuarl\u0131<br \/>\nPantolon yan cepli<br \/>\n%95 Polyester<br \/>\n%5 Lycra<br \/>\nDouble krep kuma\u015f<\/p>\n<p>Manken Bilgisi<\/p>\n<p>\u00dczerindeki beden: 1 beden<br \/>\nBoy: 178 cm<br \/>\nKilo: 53 kg<\/p>\n<p>1 Beden \u2013 \u00dcst \u00d6l\u00e7\u00fcleri<\/p>\n<p>Boy: 78 cm<br \/>\nG\u00f6\u011f\u00fcs: 90 cm<br \/>\nOmuz: 36 cm<br \/>\nKol Boyu: 60 cm<\/p>\n<p>1 Beden \u2013 Pantolon \u00d6l\u00e7\u00fcleri<\/p>\n<p>Boy: 105 cm<br \/>\n\u0130\u00e7 Bacak: 75 cm<br \/>\nBel: 34 cm<br \/>\nBasen: 100 cm<\/p>\n<p>2 Beden \u2013 \u00dcst \u00d6l\u00e7\u00fcleri<\/p>\n<p>Boy: 78 cm<br \/>\nG\u00f6\u011f\u00fcs: 100 cm<br \/>\nOmuz: 38 cm<br \/>\nKol Boyu: 60 cm<\/p>\n<p>2 Beden \u2013 Pantolon \u00d6l\u00e7\u00fcleri<\/p>\n<p>Boy: 105 cm<br \/>\n\u0130\u00e7 Bacak: 75 cm<br \/>\nBel: 70 cm<br \/>\nBasen: 110 cm<\/p>\n","protected":false},"excerpt":{"rendered":"<p>\u00d6nden ba\u011flamal\u0131 tasar\u0131m\u0131 ve vatkal\u0131 omuz yap\u0131s\u0131yla \u015f\u0131k ve g\u00fc\u00e7l\u00fc bir duru\u015f sunan tak\u0131m, astarl\u0131 formu sayesinde konforlu bir kullan\u0131m sa\u011flar. Pantolonun \u00f6n\u00fc d\u00fcz arkas\u0131 lastikli bel yap\u0131s\u0131, sol yandan 18 cm fermuar detay\u0131 ve yan cepleri g\u00fcnl\u00fck kullan\u0131mda rahatl\u0131k sunar. Double krep kuma\u015f\u0131n tok ve ak\u0131c\u0131 duru\u015fu modele zarif bir siluet kazand\u0131r\u0131r. \u00dcr\u00fcn \u00d6zellikleri [&hellip;]<\/p>\n","protected":false},"featured_media":98613,"comment_status":"open","ping_status":"closed","template":"","meta":[],"product_brand":[],"product_cat":[1900],"product_tag":[6908],"class_list":{"0":"post-98622","1":"product","2":"type-product","3":"status-publish","4":"has-post-thumbnail","6":"product_cat-koordinatlar-setler","7":"product_tag-kadin-takim","8":"pa_brand-melike-tatar","9":"pa_color-kahverengi","10":"pa_color-murdum","11":"pa_color-siyah","12":"pa_size-1-36-38","13":"pa_size-2-40-42","15":"first","16":"outofstock","17":"sale","18":"shipping-taxable","19":"purchasable","20":"product-type-variable"},"_links":{"self":[{"href":"https:\/\/mod.wisdar.net\/tr\/wp-json\/wp\/v2\/product\/98622","targetHints":{"allow":["GET"]}}],"collection":[{"href":"https:\/\/mod.wisdar.net\/tr\/wp-json\/wp\/v2\/product"}],"about":[{"href":"https:\/\/mod.wisdar.net\/tr\/wp-json\/wp\/v2\/types\/product"}],"replies":[{"embeddable":true,"href":"https:\/\/mod.wisdar.net\/tr\/wp-json\/wp\/v2\/comments?post=98622"}],"wp:featuredmedia":[{"embeddable":true,"href":"https:\/\/mod.wisdar.net\/tr\/wp-json\/wp\/v2\/media\/98613"}],"wp:attachment":[{"href":"https:\/\/mod.wisdar.net\/tr\/wp-json\/wp\/v2\/media?parent=98622"}],"wp:term":[{"taxonomy":"product_brand","embeddable":true,"href":"https:\/\/mod.wisdar.net\/tr\/wp-json\/wp\/v2\/product_brand?post=98622"},{"taxonomy":"product_cat","embeddable":true,"href":"https:\/\/mod.wisdar.net\/tr\/wp-json\/wp\/v2\/product_cat?post=98622"},{"taxonomy":"product_tag","embeddable":true,"href":"https:\/\/mod.wisdar.net\/tr\/wp-json\/wp\/v2\/product_tag?post=98622"}],"curies":[{"name":"wp","href":"https:\/\/api.w.org\/{rel}","templated":true}]}}