{"id":98670,"date":"2026-02-14T08:41:46","date_gmt":"2026-02-14T08:41:46","guid":{"rendered":"https:\/\/modesthanim.com\/product\/fermuarli-pantolonlu-takim-32-2672\/"},"modified":"2026-04-15T20:45:10","modified_gmt":"2026-04-15T20:45:10","slug":"fermuarli-pantolonlu-takim-32-2672","status":"publish","type":"product","link":"https:\/\/mod.wisdar.net\/tr\/urun\/fermuarli-pantolonlu-takim-32-2672\/","title":{"rendered":"Fermuarl\u0131 Pantolonlu Tak\u0131m 32-2672"},"content":{"rendered":"<p>\u00d6nden fermuarl\u0131 tasar\u0131m\u0131, belden ayarlanabilir lastik detay\u0131 ve kol ucu \u00e7\u0131t\u00e7\u0131tlar\u0131yla rahat ve modern bir kullan\u0131m sunan tak\u0131m, etek ucundaki kuma\u015f detay\u0131yla hareket kazan\u0131r. Pantolonun lastikli beli ve yan cepleri g\u00fcnl\u00fck kullan\u0131mda konfor sa\u011flar. Para\u015f\u00fct kuma\u015f\u0131n hafif ve tok yap\u0131s\u0131 sayesinde g\u00fcn boyu rahat bir kullan\u0131m sunar.<\/p>\n<p>\u00dcr\u00fcn \u00d6zellikleri<\/p>\n<p>\u2013 \u00d6nden fermuarl\u0131d\u0131r<br \/>\n\u2013 Belinden ayarlanabilir lastiklidir<br \/>\n\u2013 Kol ucu \u00e7\u0131t\u00e7\u0131tl\u0131d\u0131r<br \/>\n\u2013 Etek ucu kuma\u015f detay\u0131 mevcuttur<br \/>\n\u2013 Pantolon beli lastiklidir<br \/>\n\u2013 Pantolon yandan ceplidir<br \/>\n\u2013 %95 polyester<br \/>\n\u2013 %5 lycrad\u0131r<br \/>\n\u2013 Para\u015f\u00fct kuma\u015ft\u0131r<\/p>\n<p>Manken Bilgisi<\/p>\n<p>\u2013 \u00dczerindeki beden: 1 beden<br \/>\n\u2013 Boy: 178 cm<br \/>\n\u2013 Kilo: 53 kg<\/p>\n<p>1 Beden \u2013 \u00dcst \u00d6l\u00e7\u00fcleri<\/p>\n<p>\u2013 Boy: 74 cm<br \/>\n\u2013 G\u00f6\u011f\u00fcs: 110 cm<br \/>\n\u2013 Omuz: 45 cm<br \/>\n\u2013 Kol boyu: 50 cm (diki\u015ften itibaren)<\/p>\n<p>1 Beden \u2013 Pantolon \u00d6l\u00e7\u00fcleri<\/p>\n<p>\u2013 Boy: 107 cm<br \/>\n\u2013 \u0130\u00e7 bacak: 75 cm<br \/>\n\u2013 Bel: 66 cm<br \/>\n\u2013 Basen: 100 cm<\/p>\n<p>2 Beden \u2013 \u00dcst \u00d6l\u00e7\u00fcleri<\/p>\n<p>\u2013 Boy: 74 cm<br \/>\n\u2013 G\u00f6\u011f\u00fcs: 120 cm<br \/>\n\u2013 Omuz: 48 cm<br \/>\n\u2013 Kol boyu: 50 cm (diki\u015ften itibaren)<\/p>\n<p>2 Beden \u2013 Pantolon \u00d6l\u00e7\u00fcleri<\/p>\n<p>\u2013 Boy: 107 cm<br \/>\n\u2013 \u0130\u00e7 bacak: 75 cm<br \/>\n\u2013 Bel: 68 cm<br \/>\n\u2013 Basen: 110 cm<\/p>\n","protected":false},"excerpt":{"rendered":"<p>\u00d6nden fermuarl\u0131 tasar\u0131m\u0131, belden ayarlanabilir lastik detay\u0131 ve kol ucu \u00e7\u0131t\u00e7\u0131tlar\u0131yla rahat ve modern bir kullan\u0131m sunan tak\u0131m, etek ucundaki kuma\u015f detay\u0131yla hareket kazan\u0131r. Pantolonun lastikli beli ve yan cepleri g\u00fcnl\u00fck kullan\u0131mda konfor sa\u011flar. Para\u015f\u00fct kuma\u015f\u0131n hafif ve tok yap\u0131s\u0131 sayesinde g\u00fcn boyu rahat bir kullan\u0131m sunar. \u00dcr\u00fcn \u00d6zellikleri \u2013 \u00d6nden fermuarl\u0131d\u0131r \u2013 Belinden ayarlanabilir [&hellip;]<\/p>\n","protected":false},"featured_media":98664,"comment_status":"open","ping_status":"closed","template":"","meta":[],"product_brand":[],"product_cat":[],"product_tag":[],"class_list":{"0":"post-98670","1":"product","2":"type-product","3":"status-publish","4":"has-post-thumbnail","6":"pa_brand-melike-tatar","8":"first","9":"outofstock","10":"sale","11":"shipping-taxable","12":"purchasable","13":"product-type-variable"},"_links":{"self":[{"href":"https:\/\/mod.wisdar.net\/tr\/wp-json\/wp\/v2\/product\/98670","targetHints":{"allow":["GET"]}}],"collection":[{"href":"https:\/\/mod.wisdar.net\/tr\/wp-json\/wp\/v2\/product"}],"about":[{"href":"https:\/\/mod.wisdar.net\/tr\/wp-json\/wp\/v2\/types\/product"}],"replies":[{"embeddable":true,"href":"https:\/\/mod.wisdar.net\/tr\/wp-json\/wp\/v2\/comments?post=98670"}],"wp:featuredmedia":[{"embeddable":true,"href":"https:\/\/mod.wisdar.net\/tr\/wp-json\/wp\/v2\/media\/98664"}],"wp:attachment":[{"href":"https:\/\/mod.wisdar.net\/tr\/wp-json\/wp\/v2\/media?parent=98670"}],"wp:term":[{"taxonomy":"product_brand","embeddable":true,"href":"https:\/\/mod.wisdar.net\/tr\/wp-json\/wp\/v2\/product_brand?post=98670"},{"taxonomy":"product_cat","embeddable":true,"href":"https:\/\/mod.wisdar.net\/tr\/wp-json\/wp\/v2\/product_cat?post=98670"},{"taxonomy":"product_tag","embeddable":true,"href":"https:\/\/mod.wisdar.net\/tr\/wp-json\/wp\/v2\/product_tag?post=98670"}],"curies":[{"name":"wp","href":"https:\/\/api.w.org\/{rel}","templated":true}]}}