{"id":98708,"date":"2026-02-14T08:43:00","date_gmt":"2026-02-14T08:43:00","guid":{"rendered":"https:\/\/modesthanim.com\/product\/fermuarli-denim-takim-78-629\/"},"modified":"2026-04-02T21:22:02","modified_gmt":"2026-04-02T21:22:02","slug":"fermuarli-denim-takim-78-629","status":"publish","type":"product","link":"https:\/\/mod.wisdar.net\/tr\/urun\/fermuarli-denim-takim-78-629\/","title":{"rendered":"Fermuarl\u0131 Denim Tak\u0131m 78-629"},"content":{"rendered":"<p>\u00d6nden fermuarl\u0131 tasar\u0131m\u0131, seyyar ku\u015fa\u011f\u0131 ve kol ucu fermuar detaylar\u0131yla dikkat \u00e7eken tak\u0131m, asimetrik etek ucu kesimiyle modern bir g\u00f6r\u00fcn\u00fcm sunar. Pantolonun \u00f6n\u00fc d\u00fcz arkas\u0131 lastikli bel yap\u0131s\u0131, \u00f6n ve arka cep detaylar\u0131 ile yan fermuarlar\u0131 g\u00fcnl\u00fck kullan\u0131mda konfor sa\u011flar. Denim kuma\u015f yap\u0131s\u0131 sayesinde spor-\u015f\u0131k bir stil olu\u015fturur.<\/p>\n<p>\u00dcr\u00fcn \u00d6zellikleri<\/p>\n<p>\u00d6nden fermuarl\u0131d\u0131r<br \/>\nSeyyar ku\u015fakl\u0131d\u0131r<br \/>\nKol ucu fermuarl\u0131d\u0131r<br \/>\nEtek ucu asimetrik kesimdir<br \/>\nPantolon beli \u00f6n\u00fc d\u00fcz, arkas\u0131 lastiklidir<br \/>\nPantolon \u00f6n ve arka k\u0131s\u0131mda cep mevcuttur<br \/>\nPantolon yanlardan fermuarl\u0131d\u0131r<br \/>\n%97 cotton<br \/>\n%3 elyaf<br \/>\nDenim kuma\u015ft\u0131r<\/p>\n<p>Manken Bilgisi<\/p>\n<p>\u00dczerindeki beden: 36 beden<br \/>\nBoy: 178 cm<br \/>\nKilo: 53 kg<\/p>\n<p>36 Beden \u2013 \u00dcst \u00d6l\u00e7\u00fcleri<\/p>\n<p>Boy: 76 cm<br \/>\nG\u00f6\u011f\u00fcs: 90 cm<br \/>\nOmuz: 35 cm<br \/>\nKol boyu: 60 cm<\/p>\n<p>36 Beden \u2013 Pantolon \u00d6l\u00e7\u00fcleri<\/p>\n<p>Boy: 108 cm<br \/>\n\u0130\u00e7 bacak: 79 cm<br \/>\nBel: 72 cm<br \/>\nBasen: 95 cm<\/p>\n<p>38 Beden \u2013 \u00dcst \u00d6l\u00e7\u00fcleri<\/p>\n<p>Boy: 76 cm<br \/>\nG\u00f6\u011f\u00fcs: 95 cm<br \/>\nOmuz: 37 cm<br \/>\nKol boyu: 60 cm<\/p>\n<p>38 Beden \u2013 Pantolon \u00d6l\u00e7\u00fcleri<\/p>\n<p>Boy: 108 cm<br \/>\n\u0130\u00e7 bacak: 79 cm<br \/>\nBel: 74 cm<br \/>\nBasen: 100 cm<\/p>\n<p>40 Beden \u2013 \u00dcst \u00d6l\u00e7\u00fcleri<\/p>\n<p>Boy: 76 cm<br \/>\nG\u00f6\u011f\u00fcs: 100 cm<br \/>\nOmuz: 40 cm<br \/>\nKol boyu: 60 cm<\/p>\n<p>40 Beden \u2013 Pantolon \u00d6l\u00e7\u00fcleri<\/p>\n<p>Boy: 108 cm<br \/>\n\u0130\u00e7 bacak: 79 cm<br \/>\nBel: 76 cm<br \/>\nBasen: 105 cm<\/p>\n","protected":false},"excerpt":{"rendered":"<p>\u00d6nden fermuarl\u0131 tasar\u0131m\u0131, seyyar ku\u015fa\u011f\u0131 ve kol ucu fermuar detaylar\u0131yla dikkat \u00e7eken tak\u0131m, asimetrik etek ucu kesimiyle modern bir g\u00f6r\u00fcn\u00fcm sunar. Pantolonun \u00f6n\u00fc d\u00fcz arkas\u0131 lastikli bel yap\u0131s\u0131, \u00f6n ve arka cep detaylar\u0131 ile yan fermuarlar\u0131 g\u00fcnl\u00fck kullan\u0131mda konfor sa\u011flar. Denim kuma\u015f yap\u0131s\u0131 sayesinde spor-\u015f\u0131k bir stil olu\u015fturur. \u00dcr\u00fcn \u00d6zellikleri \u00d6nden fermuarl\u0131d\u0131r Seyyar ku\u015fakl\u0131d\u0131r Kol [&hellip;]<\/p>\n","protected":false},"featured_media":98699,"comment_status":"open","ping_status":"closed","template":"","meta":[],"product_brand":[],"product_cat":[],"product_tag":[],"class_list":{"0":"post-98708","1":"product","2":"type-product","3":"status-publish","4":"has-post-thumbnail","6":"pa_brand-melike-tatar","8":"first","9":"outofstock","10":"sale","11":"shipping-taxable","12":"purchasable","13":"product-type-variable"},"_links":{"self":[{"href":"https:\/\/mod.wisdar.net\/tr\/wp-json\/wp\/v2\/product\/98708","targetHints":{"allow":["GET"]}}],"collection":[{"href":"https:\/\/mod.wisdar.net\/tr\/wp-json\/wp\/v2\/product"}],"about":[{"href":"https:\/\/mod.wisdar.net\/tr\/wp-json\/wp\/v2\/types\/product"}],"replies":[{"embeddable":true,"href":"https:\/\/mod.wisdar.net\/tr\/wp-json\/wp\/v2\/comments?post=98708"}],"wp:featuredmedia":[{"embeddable":true,"href":"https:\/\/mod.wisdar.net\/tr\/wp-json\/wp\/v2\/media\/98699"}],"wp:attachment":[{"href":"https:\/\/mod.wisdar.net\/tr\/wp-json\/wp\/v2\/media?parent=98708"}],"wp:term":[{"taxonomy":"product_brand","embeddable":true,"href":"https:\/\/mod.wisdar.net\/tr\/wp-json\/wp\/v2\/product_brand?post=98708"},{"taxonomy":"product_cat","embeddable":true,"href":"https:\/\/mod.wisdar.net\/tr\/wp-json\/wp\/v2\/product_cat?post=98708"},{"taxonomy":"product_tag","embeddable":true,"href":"https:\/\/mod.wisdar.net\/tr\/wp-json\/wp\/v2\/product_tag?post=98708"}],"curies":[{"name":"wp","href":"https:\/\/api.w.org\/{rel}","templated":true}]}}