{"id":98771,"date":"2026-02-14T08:47:50","date_gmt":"2026-02-14T08:47:50","guid":{"rendered":"https:\/\/modesthanim.com\/product\/dugmeli-takim-68-6231\/"},"modified":"2026-04-15T21:13:34","modified_gmt":"2026-04-15T21:13:34","slug":"dugmeli-takim-68-6231","status":"publish","type":"product","link":"https:\/\/mod.wisdar.net\/tr\/urun\/dugmeli-takim-68-6231\/","title":{"rendered":"D\u00fc\u011fmeli Tak\u0131m 68-6231"},"content":{"rendered":"<p>Bisiklet yaka formu ve \u00f6nden ta\u015f d\u00fc\u011fmeli tasar\u0131m\u0131yla \u015f\u0131k bir g\u00f6r\u00fcn\u00fcm sunan tak\u0131m, bel k\u0131sm\u0131ndaki lastik ve seyyar kemer detay\u0131yla rahat bir kullan\u0131m sa\u011flar. Pantolonun lastikli beli konforu desteklerken, \u00fcst ve alt par\u00e7a birlikte modern bir siluet olu\u015fturur. Krep kuma\u015f yap\u0131s\u0131 sayesinde model hem \u015f\u0131k hem de kullan\u0131\u015fl\u0131 bir form sunar.<\/p>\n<p>\u00dcr\u00fcn \u00d6zellikleri<\/p>\n<p>Bisiklet yakad\u0131r<br \/>\n\u00d6nden ta\u015f d\u00fc\u011fmelidir<br \/>\n\u00dcst par\u00e7a beli lastiklidir<br \/>\nSeyyar kemerlidir<br \/>\nPantolon beli lastiklidir<br \/>\n%95 polyester<br \/>\n%5 lycrad\u0131r<br \/>\nKrep kuma\u015ft\u0131r<\/p>\n<p>Manken Bilgisi<\/p>\n<p>\u00dczerindeki beden: 1 beden<br \/>\nBoy: 178 cm<br \/>\nKilo: 53 kg<\/p>\n<p>1 Beden \u2013 \u00dcst \u00d6l\u00e7\u00fcleri<\/p>\n<p>Boy: 78 cm<br \/>\nG\u00f6\u011f\u00fcs: 90 cm<br \/>\nOmuz: 43 cm<br \/>\nKol boyu: 55 cm (diki\u015ften itibaren)<\/p>\n<p>1 Beden \u2013 Pantolon \u00d6l\u00e7\u00fcleri<\/p>\n<p>Boy: 93 cm<br \/>\n\u0130\u00e7 bacak: 64 cm<br \/>\nBel: 60 cm<br \/>\nBasen: 90 cm<\/p>\n<p>2 Beden \u2013 \u00dcst \u00d6l\u00e7\u00fcleri<\/p>\n<p>Boy: 78 cm<br \/>\nG\u00f6\u011f\u00fcs: 100 cm<br \/>\nOmuz: 46 cm<br \/>\nKol boyu: 55 cm (diki\u015ften itibaren)<\/p>\n<p>2 Beden \u2013 Pantolon \u00d6l\u00e7\u00fcleri<\/p>\n<p>Boy: 93 cm<br \/>\n\u0130\u00e7 bacak: 64 cm<br \/>\nBel: 62 cm<br \/>\nBasen: 95 cm<\/p>\n<p>3 Beden \u2013 \u00dcst \u00d6l\u00e7\u00fcleri<\/p>\n<p>Boy: 78 cm<br \/>\nG\u00f6\u011f\u00fcs: 110 cm<br \/>\nOmuz: 49 cm<br \/>\nKol boyu: 55 cm (diki\u015ften itibaren)<\/p>\n<p>3 Beden \u2013 Pantolon \u00d6l\u00e7\u00fcleri<\/p>\n<p>Boy: 93 cm<br \/>\n\u0130\u00e7 bacak: 64 cm<br \/>\nBel: 64 cm<br \/>\nBasen: 100 cm<\/p>\n","protected":false},"excerpt":{"rendered":"<p>Bisiklet yaka formu ve \u00f6nden ta\u015f d\u00fc\u011fmeli tasar\u0131m\u0131yla \u015f\u0131k bir g\u00f6r\u00fcn\u00fcm sunan tak\u0131m, bel k\u0131sm\u0131ndaki lastik ve seyyar kemer detay\u0131yla rahat bir kullan\u0131m sa\u011flar. Pantolonun lastikli beli konforu desteklerken, \u00fcst ve alt par\u00e7a birlikte modern bir siluet olu\u015fturur. Krep kuma\u015f yap\u0131s\u0131 sayesinde model hem \u015f\u0131k hem de kullan\u0131\u015fl\u0131 bir form sunar. \u00dcr\u00fcn \u00d6zellikleri Bisiklet yakad\u0131r [&hellip;]<\/p>\n","protected":false},"featured_media":98758,"comment_status":"open","ping_status":"closed","template":"","meta":[],"product_brand":[],"product_cat":[1900],"product_tag":[],"class_list":{"0":"post-98771","1":"product","2":"type-product","3":"status-publish","4":"has-post-thumbnail","6":"product_cat-koordinatlar-setler","7":"pa_brand-melike-tatar","8":"pa_color-kahverengi","9":"pa_size-1-36-38","10":"pa_size-2-40-42","11":"pa_size-3-44-46-2","13":"first","14":"outofstock","15":"shipping-taxable","16":"purchasable","17":"product-type-variable"},"_links":{"self":[{"href":"https:\/\/mod.wisdar.net\/tr\/wp-json\/wp\/v2\/product\/98771","targetHints":{"allow":["GET"]}}],"collection":[{"href":"https:\/\/mod.wisdar.net\/tr\/wp-json\/wp\/v2\/product"}],"about":[{"href":"https:\/\/mod.wisdar.net\/tr\/wp-json\/wp\/v2\/types\/product"}],"replies":[{"embeddable":true,"href":"https:\/\/mod.wisdar.net\/tr\/wp-json\/wp\/v2\/comments?post=98771"}],"wp:featuredmedia":[{"embeddable":true,"href":"https:\/\/mod.wisdar.net\/tr\/wp-json\/wp\/v2\/media\/98758"}],"wp:attachment":[{"href":"https:\/\/mod.wisdar.net\/tr\/wp-json\/wp\/v2\/media?parent=98771"}],"wp:term":[{"taxonomy":"product_brand","embeddable":true,"href":"https:\/\/mod.wisdar.net\/tr\/wp-json\/wp\/v2\/product_brand?post=98771"},{"taxonomy":"product_cat","embeddable":true,"href":"https:\/\/mod.wisdar.net\/tr\/wp-json\/wp\/v2\/product_cat?post=98771"},{"taxonomy":"product_tag","embeddable":true,"href":"https:\/\/mod.wisdar.net\/tr\/wp-json\/wp\/v2\/product_tag?post=98771"}],"curies":[{"name":"wp","href":"https:\/\/api.w.org\/{rel}","templated":true}]}}