{"id":98778,"date":"2026-02-14T08:47:57","date_gmt":"2026-02-14T08:47:57","guid":{"rendered":"https:\/\/modesthanim.com\/product\/broslu-likrali-takim-32-2671\/"},"modified":"2026-04-02T20:50:47","modified_gmt":"2026-04-02T20:50:47","slug":"broslu-likrali-takim-32-2671","status":"publish","type":"product","link":"https:\/\/mod.wisdar.net\/tr\/urun\/broslu-likrali-takim-32-2671\/","title":{"rendered":"Bro\u015flu Likral\u0131 Tak\u0131m 32-2671"},"content":{"rendered":"<p>Bisiklet yaka tasar\u0131m\u0131 ve \u00e7\u0131kar\u0131labilir bro\u015f detay\u0131yla zarif bir g\u00f6r\u00fcn\u00fcm sunan tak\u0131m, yanlardan 13 cm y\u0131rtma\u00e7l\u0131 etek ucu ile hareket \u00f6zg\u00fcrl\u00fc\u011f\u00fc sa\u011flar. Pantolonun lastikli beli ve yan cepleri g\u00fcnl\u00fck kullan\u0131mda konfor sunar. Sandy kuma\u015f\u0131n yumu\u015fak ve ak\u0131c\u0131 duru\u015fu modeli \u015f\u0131k bir siluete ta\u015f\u0131r.<\/p>\n<p>\u00dcr\u00fcn \u00d6zellikleri<\/p>\n<p>Bisiklet yakad\u0131r<br \/>\n\u00c7\u0131kar\u0131labilir bro\u015fludur<br \/>\nEtek ucu yanlardan 13 cm y\u0131rtma\u00e7l\u0131d\u0131r<br \/>\nPantolon beli lastiklidir<br \/>\nPantolon yandan ceplidir<br \/>\n%95 polyester<br \/>\n%5 lycrad\u0131r<br \/>\nSandy kuma\u015ft\u0131r<\/p>\n<p>Manken Bilgisi<\/p>\n<p>\u00dczerindeki beden: 1 beden<br \/>\nBoy: 178 cm<br \/>\nKilo: 53 kg<\/p>\n<p>1 Beden \u2013 \u00dcst \u00d6l\u00e7\u00fcleri<\/p>\n<p>Boy: 72 cm<br \/>\nG\u00f6\u011f\u00fcs: 90 cm<br \/>\nOmuz: 37 cm<br \/>\nKol boyu: 58 cm<\/p>\n<p>1 Beden \u2013 Pantolon \u00d6l\u00e7\u00fcleri<\/p>\n<p>Boy: 104 cm<br \/>\n\u0130\u00e7 bacak: 73 cm<br \/>\nBel: 66 cm<br \/>\nBasen: 110 cm<\/p>\n<p>2 Beden \u2013 \u00dcst \u00d6l\u00e7\u00fcleri<\/p>\n<p>Boy: 72 cm<br \/>\nG\u00f6\u011f\u00fcs: 100 cm<br \/>\nOmuz: 41 cm<br \/>\nKol boyu: 58 cm<\/p>\n<p>2 Beden \u2013 Pantolon \u00d6l\u00e7\u00fcleri<\/p>\n<p>Boy: 104 cm<br \/>\n\u0130\u00e7 bacak: 73 cm<br \/>\nBel: 70 cm<br \/>\nBasen: 110 cm<\/p>\n","protected":false},"excerpt":{"rendered":"<p>Bisiklet yaka tasar\u0131m\u0131 ve \u00e7\u0131kar\u0131labilir bro\u015f detay\u0131yla zarif bir g\u00f6r\u00fcn\u00fcm sunan tak\u0131m, yanlardan 13 cm y\u0131rtma\u00e7l\u0131 etek ucu ile hareket \u00f6zg\u00fcrl\u00fc\u011f\u00fc sa\u011flar. Pantolonun lastikli beli ve yan cepleri g\u00fcnl\u00fck kullan\u0131mda konfor sunar. Sandy kuma\u015f\u0131n yumu\u015fak ve ak\u0131c\u0131 duru\u015fu modeli \u015f\u0131k bir siluete ta\u015f\u0131r. \u00dcr\u00fcn \u00d6zellikleri Bisiklet yakad\u0131r \u00c7\u0131kar\u0131labilir bro\u015fludur Etek ucu yanlardan 13 cm y\u0131rtma\u00e7l\u0131d\u0131r [&hellip;]<\/p>\n","protected":false},"featured_media":98765,"comment_status":"open","ping_status":"closed","template":"","meta":[],"product_brand":[],"product_cat":[1900],"product_tag":[8328,6744,6765],"class_list":{"0":"post-98778","1":"product","2":"type-product","3":"status-publish","4":"has-post-thumbnail","6":"product_cat-koordinatlar-setler","7":"product_tag-balikci-yaka-2","8":"product_tag-kadin-modasi","9":"product_tag-lastikli-bel","10":"pa_brand-melike-tatar","11":"pa_color-tas","12":"pa_size-1-36-38","13":"pa_size-2-40-42","15":"first","16":"outofstock","17":"shipping-taxable","18":"product-type-variable"},"_links":{"self":[{"href":"https:\/\/mod.wisdar.net\/tr\/wp-json\/wp\/v2\/product\/98778","targetHints":{"allow":["GET"]}}],"collection":[{"href":"https:\/\/mod.wisdar.net\/tr\/wp-json\/wp\/v2\/product"}],"about":[{"href":"https:\/\/mod.wisdar.net\/tr\/wp-json\/wp\/v2\/types\/product"}],"replies":[{"embeddable":true,"href":"https:\/\/mod.wisdar.net\/tr\/wp-json\/wp\/v2\/comments?post=98778"}],"wp:featuredmedia":[{"embeddable":true,"href":"https:\/\/mod.wisdar.net\/tr\/wp-json\/wp\/v2\/media\/98765"}],"wp:attachment":[{"href":"https:\/\/mod.wisdar.net\/tr\/wp-json\/wp\/v2\/media?parent=98778"}],"wp:term":[{"taxonomy":"product_brand","embeddable":true,"href":"https:\/\/mod.wisdar.net\/tr\/wp-json\/wp\/v2\/product_brand?post=98778"},{"taxonomy":"product_cat","embeddable":true,"href":"https:\/\/mod.wisdar.net\/tr\/wp-json\/wp\/v2\/product_cat?post=98778"},{"taxonomy":"product_tag","embeddable":true,"href":"https:\/\/mod.wisdar.net\/tr\/wp-json\/wp\/v2\/product_tag?post=98778"}],"curies":[{"name":"wp","href":"https:\/\/api.w.org\/{rel}","templated":true}]}}